{"id":2215,"date":"2025-01-23T14:38:28","date_gmt":"2025-01-23T13:38:28","guid":{"rendered":"https:\/\/cms-webdesign.ch\/newgreentec\/?page_id=2215"},"modified":"2025-02-17T14:04:00","modified_gmt":"2025-02-17T13:04:00","slug":"roofpower","status":"publish","type":"page","link":"https:\/\/newgreentec.com\/en\/roofpower\/","title":{"rendered":"Roofpower\u2122"},"content":{"rendered":"<div data-elementor-type=\"wp-page\" data-elementor-id=\"2215\" class=\"elementor elementor-2215\" data-elementor-post-type=\"page\">\n\t\t\t\t<div data-particle_enable=\"false\" data-particle-mobile-disabled=\"false\" class=\"elementor-element elementor-element-1158d84 e-con-full e-flex e-con e-parent\" data-id=\"1158d84\" data-element_type=\"container\" data-settings=\"{&quot;background_background&quot;:&quot;classic&quot;}\">\n\t\t\t\t<\/div>\n\t\t<div data-particle_enable=\"false\" data-particle-mobile-disabled=\"false\" class=\"elementor-element elementor-element-4d21ab0 e-flex e-con-boxed e-con e-parent\" data-id=\"4d21ab0\" data-element_type=\"container\" data-settings=\"{&quot;background_background&quot;:&quot;gradient&quot;}\">\n\t\t\t\t\t<div class=\"e-con-inner\">\n\t\t\t\t<div class=\"elementor-element elementor-element-610351d elementor-widget__width-inherit elementor-widget elementor-widget-heading\" data-id=\"610351d\" data-element_type=\"widget\" data-widget_type=\"heading.default\">\n\t\t\t\t<div class=\"elementor-widget-container\">\n\t\t\t\t\t<h1 class=\"elementor-heading-title elementor-size-default\">Roofpower\u2122<\/h1>\t\t\t\t<\/div>\n\t\t\t\t<\/div>\n\t\t\t\t<div class=\"elementor-element elementor-element-d877dfe elementor-widget elementor-widget-text-editor\" data-id=\"d877dfe\" data-element_type=\"widget\" data-widget_type=\"text-editor.default\">\n\t\t\t\t<div class=\"elementor-widget-container\">\n\t\t\t\t\t\t\t\t\t<p>RoofPower\u2122 is a wind power solution for gable roofs that utilises the increased wind speed on buildings, offering an environmentally friendly way to generate electricity from wind energy directly on site.<\/p>\t\t\t\t\t\t\t\t<\/div>\n\t\t\t\t<\/div>\n\t\t\t\t\t<\/div>\n\t\t\t\t<\/div>\n\t\t<div data-particle_enable=\"false\" data-particle-mobile-disabled=\"false\" class=\"elementor-element elementor-element-75300753 e-flex e-con-boxed e-con e-parent\" data-id=\"75300753\" data-element_type=\"container\" data-settings=\"{&quot;background_background&quot;:&quot;classic&quot;}\">\n\t\t\t\t\t<div class=\"e-con-inner\">\n\t\t<div data-particle_enable=\"false\" data-particle-mobile-disabled=\"false\" class=\"elementor-element elementor-element-4dec2aca e-con-full e-flex e-con e-child\" data-id=\"4dec2aca\" data-element_type=\"container\" data-settings=\"{&quot;background_background&quot;:&quot;classic&quot;}\">\n\t\t<div data-particle_enable=\"false\" data-particle-mobile-disabled=\"false\" class=\"elementor-element elementor-element-2aed9dde e-con-full e-flex e-con e-child\" data-id=\"2aed9dde\" data-element_type=\"container\">\n\t\t\t\t<div class=\"elementor-element elementor-element-e962bf9 elementor-pagination-position-outside elementor--h-position-center elementor--v-position-middle elementor-arrows-position-inside elementor-widget elementor-widget-slides\" data-id=\"e962bf9\" data-element_type=\"widget\" data-settings=\"{&quot;navigation&quot;:&quot;both&quot;,&quot;autoplay&quot;:&quot;yes&quot;,&quot;pause_on_hover&quot;:&quot;yes&quot;,&quot;pause_on_interaction&quot;:&quot;yes&quot;,&quot;autoplay_speed&quot;:5000,&quot;infinite&quot;:&quot;yes&quot;,&quot;transition&quot;:&quot;slide&quot;,&quot;transition_speed&quot;:500}\" data-widget_type=\"slides.default\">\n\t\t\t\t<div class=\"elementor-widget-container\">\n\t\t\t\t\t\t\t\t\t<div class=\"elementor-swiper\">\n\t\t\t\t\t<div class=\"elementor-slides-wrapper elementor-main-swiper swiper\" role=\"region\" aria-roledescription=\"carousel\" aria-label=\"Slides\" dir=\"ltr\" data-animation=\"fadeInUp\">\n\t\t\t\t<div class=\"swiper-wrapper elementor-slides\">\n\t\t\t\t\t\t\t\t\t\t<div class=\"elementor-repeater-item-6b2066c swiper-slide\" role=\"group\" aria-roledescription=\"slide\"><div class=\"swiper-slide-bg\" role=\"img\" aria-label=\"PHOTO-2022-02-21-15-10-51\"><\/div><div class=\"swiper-slide-inner\" ><div class=\"swiper-slide-contents\"><\/div><\/div><\/div><div class=\"elementor-repeater-item-d118ab1 swiper-slide\" role=\"group\" aria-roledescription=\"slide\"><div class=\"swiper-slide-bg\" role=\"img\" aria-label=\"image032\"><\/div><div class=\"swiper-slide-inner\" ><div class=\"swiper-slide-contents\"><\/div><\/div><\/div>\t\t\t\t<\/div>\n\t\t\t\t\t\t\t\t\t\t\t\t\t\t\t<div class=\"elementor-swiper-button elementor-swiper-button-prev\" role=\"button\" tabindex=\"0\" aria-label=\"Previous slide\">\n\t\t\t\t\t\t\t<svg aria-hidden=\"true\" class=\"e-font-icon-svg e-eicon-chevron-left\" viewbox=\"0 0 1000 1000\" xmlns=\"http:\/\/www.w3.org\/2000\/svg\"><path d=\"M646 125C629 125 613 133 604 142L308 442C296 454 292 471 292 487 292 504 296 521 308 533L604 854C617 867 629 875 646 875 663 875 679 871 692 858 704 846 713 829 713 812 713 796 708 779 692 767L438 487 692 225C700 217 708 204 708 187 708 171 704 154 692 142 675 129 663 125 646 125Z\"><\/path><\/svg>\t\t\t\t\t\t<\/div>\n\t\t\t\t\t\t<div class=\"elementor-swiper-button elementor-swiper-button-next\" role=\"button\" tabindex=\"0\" aria-label=\"Next slide\">\n\t\t\t\t\t\t\t<svg aria-hidden=\"true\" class=\"e-font-icon-svg e-eicon-chevron-right\" viewbox=\"0 0 1000 1000\" xmlns=\"http:\/\/www.w3.org\/2000\/svg\"><path d=\"M696 533C708 521 713 504 713 487 713 471 708 454 696 446L400 146C388 133 375 125 354 125 338 125 325 129 313 142 300 154 292 171 292 187 292 204 296 221 308 233L563 492 304 771C292 783 288 800 288 817 288 833 296 850 308 863 321 871 338 875 354 875 371 875 388 867 400 854L696 533Z\"><\/path><\/svg>\t\t\t\t\t\t<\/div>\n\t\t\t\t\t\t\t\t\t\t\t\t\t\t\t\t<div class=\"swiper-pagination\"><\/div>\n\t\t\t\t\t\t\t\t\t\t\t\t<\/div>\n\t\t\t\t<\/div>\n\t\t\t\t\t\t\t\t<\/div>\n\t\t\t\t<\/div>\n\t\t\t\t<\/div>\n\t\t<div data-particle_enable=\"false\" data-particle-mobile-disabled=\"false\" class=\"elementor-element elementor-element-3b932277 e-con-full e-flex e-con e-child\" data-id=\"3b932277\" data-element_type=\"container\">\n\t\t<div data-particle_enable=\"false\" data-particle-mobile-disabled=\"false\" class=\"elementor-element elementor-element-cac3b7a e-con-full e-flex e-con e-child\" data-id=\"cac3b7a\" data-element_type=\"container\">\n\t\t\t\t<div class=\"elementor-element elementor-element-4e19c6cc elementor-widget elementor-widget-heading\" data-id=\"4e19c6cc\" data-element_type=\"widget\" data-widget_type=\"heading.default\">\n\t\t\t\t<div class=\"elementor-widget-container\">\n\t\t\t\t\t<h2 class=\"elementor-heading-title elementor-size-default\">Technology<\/h2>\t\t\t\t<\/div>\n\t\t\t\t<\/div>\n\t\t\t\t<div class=\"elementor-element elementor-element-6e2eeb6 elementor-align-start elementor-icon-list--layout-traditional elementor-list-item-link-full_width elementor-widget elementor-widget-icon-list\" data-id=\"6e2eeb6\" data-element_type=\"widget\" data-widget_type=\"icon-list.default\">\n\t\t\t\t<div class=\"elementor-widget-container\">\n\t\t\t\t\t\t\t<ul class=\"elementor-icon-list-items\">\n\t\t\t\t\t\t\t<li class=\"elementor-icon-list-item\">\n\t\t\t\t\t\t\t\t\t\t\t<span class=\"elementor-icon-list-icon\">\n\t\t\t\t\t\t\t<svg aria-hidden=\"true\" class=\"e-font-icon-svg e-fas-square-full\" viewbox=\"0 0 512 512\" xmlns=\"http:\/\/www.w3.org\/2000\/svg\"><path d=\"M512 512H0V0h512v512z\"><\/path><\/svg>\t\t\t\t\t\t<\/span>\n\t\t\t\t\t\t\t\t\t\t<span class=\"elementor-icon-list-text\">Low-noise, wind direction-independent dual vertical axis wind turbine, perfect for turbulent air flows on gable roofs.<\/span>\n\t\t\t\t\t\t\t\t\t<\/li>\n\t\t\t\t\t\t\t\t<li class=\"elementor-icon-list-item\">\n\t\t\t\t\t\t\t\t\t\t\t<span class=\"elementor-icon-list-icon\">\n\t\t\t\t\t\t\t<svg aria-hidden=\"true\" class=\"e-font-icon-svg e-fas-square-full\" viewbox=\"0 0 512 512\" xmlns=\"http:\/\/www.w3.org\/2000\/svg\"><path d=\"M512 512H0V0h512v512z\"><\/path><\/svg>\t\t\t\t\t\t<\/span>\n\t\t\t\t\t\t\t\t\t\t<span class=\"elementor-icon-list-text\">Optional combination with photovoltaic modules.<\/span>\n\t\t\t\t\t\t\t\t\t<\/li>\n\t\t\t\t\t\t\t\t<li class=\"elementor-icon-list-item\">\n\t\t\t\t\t\t\t\t\t\t\t<span class=\"elementor-icon-list-icon\">\n\t\t\t\t\t\t\t<svg aria-hidden=\"true\" class=\"e-font-icon-svg e-fas-square-full\" viewbox=\"0 0 512 512\" xmlns=\"http:\/\/www.w3.org\/2000\/svg\"><path d=\"M512 512H0V0h512v512z\"><\/path><\/svg>\t\t\t\t\t\t<\/span>\n\t\t\t\t\t\t\t\t\t\t<span class=\"elementor-icon-list-text\">All-in-one solution: Includes inverter, controller and optional energy meter and storage.<\/span>\n\t\t\t\t\t\t\t\t\t<\/li>\n\t\t\t\t\t\t\t\t<li class=\"elementor-icon-list-item\">\n\t\t\t\t\t\t\t\t\t\t\t<span class=\"elementor-icon-list-icon\">\n\t\t\t\t\t\t\t<svg aria-hidden=\"true\" class=\"e-font-icon-svg e-fas-square-full\" viewbox=\"0 0 512 512\" xmlns=\"http:\/\/www.w3.org\/2000\/svg\"><path d=\"M512 512H0V0h512v512z\"><\/path><\/svg>\t\t\t\t\t\t<\/span>\n\t\t\t\t\t\t\t\t\t\t<span class=\"elementor-icon-list-text\">The electricity generated can either be used directly or fed into the grid.<\/span>\n\t\t\t\t\t\t\t\t\t<\/li>\n\t\t\t\t\t\t<\/ul>\n\t\t\t\t\t\t<\/div>\n\t\t\t\t<\/div>\n\t\t\t\t<div class=\"elementor-element elementor-element-37ab6ede premium-lq__none elementor-widget elementor-widget-premium-addon-button\" data-id=\"37ab6ede\" data-element_type=\"widget\" data-widget_type=\"premium-addon-button.default\">\n\t\t\t\t<div class=\"elementor-widget-container\">\n\t\t\t\t\t\r\n\r\n\t\t<a class=\"premium-button premium-button-none premium-btn-sm premium-button-none\" href=\"https:\/\/newgreentec.com\/wp-content\/uploads\/2025\/01\/image033.png\">\r\n\t\t\t<div class=\"premium-button-text-icon-wrapper\">\r\n\t\t\t\t\r\n\t\t\t\t\t\t\t\t\t\t\t\t\t\t\t\t\t\t<svg class=\"svg-inline--fas-fa-table premium-drawable-icon premium-svg-nodraw\" aria-hidden='true' xmlns='http:\/\/www.w3.org\/2000\/svg' viewbox='0 0 512 512'><path d=\"M464 32H48C21.49 32 0 53.49 0 80v352c0 26.51 21.49 48 48 48h416c26.51 0 48-21.49 48-48V80c0-26.51-21.49-48-48-48zM224 416H64v-96h160v96zm0-160H64v-96h160v96zm224 160H288v-96h160v96zm0-160H288v-96h160v96z\"><\/path><\/svg>\t\t\t\t\t\t\t\t\t\t\t\t\t\t\t\r\n\t\t\t\t\t\t\t\t\t<span >\r\n\t\t\t\t\t\tSpecifications\t\t\t\t\t<\/span>\r\n\t\t\t\t\t\t\t<\/div>\r\n\r\n\t\t\t\r\n\t\t\t\r\n\t\t\t\r\n\t\t<\/a>\r\n\r\n\r\n\t\t\t\t\t\t<\/div>\n\t\t\t\t<\/div>\n\t\t\t\t<\/div>\n\t\t<div data-particle_enable=\"false\" data-particle-mobile-disabled=\"false\" class=\"elementor-element elementor-element-3498abc5 e-con-full e-flex e-con e-child\" data-id=\"3498abc5\" data-element_type=\"container\" data-settings=\"{&quot;background_background&quot;:&quot;classic&quot;}\">\n\t\t\t\t<div class=\"elementor-element elementor-element-54c91e7d elementor-widget elementor-widget-heading\" data-id=\"54c91e7d\" data-element_type=\"widget\" data-widget_type=\"heading.default\">\n\t\t\t\t<div class=\"elementor-widget-container\">\n\t\t\t\t\t<h3 class=\"elementor-heading-title elementor-size-default\">Possible applications<\/h3>\t\t\t\t<\/div>\n\t\t\t\t<\/div>\n\t\t\t\t<div class=\"elementor-element elementor-element-3e02c6aa elementor-widget elementor-widget-text-editor\" data-id=\"3e02c6aa\" data-element_type=\"widget\" data-widget_type=\"text-editor.default\">\n\t\t\t\t<div class=\"elementor-widget-container\">\n\t\t\t\t\t\t\t\t\t<p>RoofPower\u2122 is ideal for gable roofs of residential buildings, apartment blocks, agricultural buildings such as barns and stables as well as warehouses and industrial buildings. These are particularly suitable for buildings whose ridge direction is at right angles to the main wind direction. The system offers an efficient addition to existing PV systems.<\/p>\t\t\t\t\t\t\t\t<\/div>\n\t\t\t\t<\/div>\n\t\t\t\t<\/div>\n\t\t\t\t<\/div>\n\t\t\t\t<\/div>\n\t\t\t\t\t<\/div>\n\t\t\t\t<\/div>\n\t\t<div data-particle_enable=\"false\" data-particle-mobile-disabled=\"false\" class=\"elementor-element elementor-element-187e5b75 e-flex e-con-boxed e-con e-parent\" data-id=\"187e5b75\" data-element_type=\"container\">\n\t\t\t\t\t<div class=\"e-con-inner\">\n\t\t\t\t\t<\/div>\n\t\t\t\t<\/div>\n\t\t\t\t<\/div>","protected":false},"excerpt":{"rendered":"<p>RoofPower\u2122 is a wind power solution for gable roofs that utilises the increased wind speed on buildings, offering an environmentally friendly way to generate electricity from wind energy [...].<\/p>","protected":false},"author":1,"featured_media":0,"parent":0,"menu_order":0,"comment_status":"closed","ping_status":"closed","template":"elementor_header_footer","meta":{"site-sidebar-layout":"no-sidebar","site-content-layout":"plain-container","ast-site-content-layout":"full-width-container","site-content-style":"default","site-sidebar-style":"default","ast-global-header-display":"","ast-banner-title-visibility":"","ast-main-header-display":"","ast-hfb-above-header-display":"","ast-hfb-below-header-display":"","ast-hfb-mobile-header-display":"","site-post-title":"disabled","ast-breadcrumbs-content":"","ast-featured-img":"disabled","footer-sml-layout":"","ast-disable-related-posts":"","theme-transparent-header-meta":"disabled","adv-header-id-meta":"","stick-header-meta":"enabled","header-above-stick-meta":"","header-main-stick-meta":"","header-below-stick-meta":"","astra-migrate-meta-layouts":"default","ast-page-background-enabled":"default","ast-page-background-meta":{"desktop":{"background-color":"var(--ast-global-color-4)","background-image":"","background-repeat":"repeat","background-position":"center center","background-size":"auto","background-attachment":"scroll","background-type":"","background-media":"","overlay-type":"","overlay-color":"","overlay-opacity":"","overlay-gradient":""},"tablet":{"background-color":"","background-image":"","background-repeat":"repeat","background-position":"center center","background-size":"auto","background-attachment":"scroll","background-type":"","background-media":"","overlay-type":"","overlay-color":"","overlay-opacity":"","overlay-gradient":""},"mobile":{"background-color":"","background-image":"","background-repeat":"repeat","background-position":"center center","background-size":"auto","background-attachment":"scroll","background-type":"","background-media":"","overlay-type":"","overlay-color":"","overlay-opacity":"","overlay-gradient":""}},"ast-content-background-meta":{"desktop":{"background-color":"var(--ast-global-color-5)","background-image":"","background-repeat":"repeat","background-position":"center center","background-size":"auto","background-attachment":"scroll","background-type":"","background-media":"","overlay-type":"","overlay-color":"","overlay-opacity":"","overlay-gradient":""},"tablet":{"background-color":"var(--ast-global-color-5)","background-image":"","background-repeat":"repeat","background-position":"center center","background-size":"auto","background-attachment":"scroll","background-type":"","background-media":"","overlay-type":"","overlay-color":"","overlay-opacity":"","overlay-gradient":""},"mobile":{"background-color":"var(--ast-global-color-5)","background-image":"","background-repeat":"repeat","background-position":"center center","background-size":"auto","background-attachment":"scroll","background-type":"","background-media":"","overlay-type":"","overlay-color":"","overlay-opacity":"","overlay-gradient":""}},"footnotes":""},"class_list":["post-2215","page","type-page","status-publish","hentry"],"yoast_head":"<!-- This site is optimized with the Yoast SEO plugin v26.8 - https:\/\/yoast.com\/product\/yoast-seo-wordpress\/ -->\n<title>Roofpower&trade; - NewGreenTec<\/title>\n<meta name=\"robots\" content=\"index, follow, max-snippet:-1, max-image-preview:large, max-video-preview:-1\" \/>\n<link rel=\"canonical\" href=\"https:\/\/newgreentec.com\/en\/roofpower\/\" \/>\n<meta property=\"og:locale\" content=\"en_GB\" \/>\n<meta property=\"og:type\" content=\"article\" \/>\n<meta property=\"og:title\" content=\"Roofpower&trade; - NewGreenTec\" \/>\n<meta property=\"og:description\" content=\"RoofPower\u2122 ist eine Windkraftl\u00f6sung f\u00fcr Giebeld\u00e4cher, welche die erh\u00f6hte Windgeschwindigkeit auf Geb\u00e4uden nutzt.Dies bietet eine umweltfreundliche M\u00f6glichkeit, Strom aus Windenergie [&hellip;]\" \/>\n<meta property=\"og:url\" content=\"https:\/\/newgreentec.com\/en\/roofpower\/\" \/>\n<meta property=\"og:site_name\" content=\"NewGreenTec\" \/>\n<meta property=\"article:publisher\" content=\"https:\/\/www.facebook.com\/newgreentec\/\" \/>\n<meta property=\"article:modified_time\" content=\"2025-02-17T13:04:00+00:00\" \/>\n<meta name=\"twitter:card\" content=\"summary_large_image\" \/>\n<meta name=\"twitter:label1\" content=\"Estimated reading time\" \/>\n\t<meta name=\"twitter:data1\" content=\"1 minute\" \/>\n<script type=\"application\/ld+json\" class=\"yoast-schema-graph\">{\"@context\":\"https:\/\/schema.org\",\"@graph\":[{\"@type\":\"WebPage\",\"@id\":\"https:\/\/newgreentec.com\/roofpower\/\",\"url\":\"https:\/\/newgreentec.com\/roofpower\/\",\"name\":\"Roofpower&trade; - NewGreenTec\",\"isPartOf\":{\"@id\":\"https:\/\/newgreentec.com\/#website\"},\"datePublished\":\"2025-01-23T13:38:28+00:00\",\"dateModified\":\"2025-02-17T13:04:00+00:00\",\"breadcrumb\":{\"@id\":\"https:\/\/newgreentec.com\/roofpower\/#breadcrumb\"},\"inLanguage\":\"en-GB\",\"potentialAction\":[{\"@type\":\"ReadAction\",\"target\":[\"https:\/\/newgreentec.com\/roofpower\/\"]}]},{\"@type\":\"BreadcrumbList\",\"@id\":\"https:\/\/newgreentec.com\/roofpower\/#breadcrumb\",\"itemListElement\":[{\"@type\":\"ListItem\",\"position\":1,\"name\":\"Startseite\",\"item\":\"https:\/\/newgreentec.com\/\"},{\"@type\":\"ListItem\",\"position\":2,\"name\":\"Roofpower&trade;\"}]},{\"@type\":\"WebSite\",\"@id\":\"https:\/\/newgreentec.com\/#website\",\"url\":\"https:\/\/newgreentec.com\/\",\"name\":\"NewGreenTec\",\"description\":\"\",\"publisher\":{\"@id\":\"https:\/\/newgreentec.com\/#organization\"},\"potentialAction\":[{\"@type\":\"SearchAction\",\"target\":{\"@type\":\"EntryPoint\",\"urlTemplate\":\"https:\/\/newgreentec.com\/?s={search_term_string}\"},\"query-input\":{\"@type\":\"PropertyValueSpecification\",\"valueRequired\":true,\"valueName\":\"search_term_string\"}}],\"inLanguage\":\"en-GB\"},{\"@type\":\"Organization\",\"@id\":\"https:\/\/newgreentec.com\/#organization\",\"name\":\"NewGreenTec\",\"url\":\"https:\/\/newgreentec.com\/\",\"logo\":{\"@type\":\"ImageObject\",\"inLanguage\":\"en-GB\",\"@id\":\"https:\/\/newgreentec.com\/#\/schema\/logo\/image\/\",\"url\":\"https:\/\/newgreentec.com\/wp-content\/uploads\/2024\/07\/NewGreenTec-logo-2560x2560-1.png\",\"contentUrl\":\"https:\/\/newgreentec.com\/wp-content\/uploads\/2024\/07\/NewGreenTec-logo-2560x2560-1.png\",\"width\":2560,\"height\":2560,\"caption\":\"NewGreenTec\"},\"image\":{\"@id\":\"https:\/\/newgreentec.com\/#\/schema\/logo\/image\/\"},\"sameAs\":[\"https:\/\/www.facebook.com\/newgreentec\/\",\"https:\/\/www.linkedin.com\/company\/newgreentec\/\"]}]}<\/script>\n<!-- \/ Yoast SEO plugin. -->","yoast_head_json":{"title":"Roofpower\u2122 - NewGreenTec","robots":{"index":"index","follow":"follow","max-snippet":"max-snippet:-1","max-image-preview":"max-image-preview:large","max-video-preview":"max-video-preview:-1"},"canonical":"https:\/\/newgreentec.com\/en\/roofpower\/","og_locale":"en_GB","og_type":"article","og_title":"Roofpower&trade; - NewGreenTec","og_description":"RoofPower\u2122 ist eine Windkraftl\u00f6sung f\u00fcr Giebeld\u00e4cher, welche die erh\u00f6hte Windgeschwindigkeit auf Geb\u00e4uden nutzt.Dies bietet eine umweltfreundliche M\u00f6glichkeit, Strom aus Windenergie [&hellip;]","og_url":"https:\/\/newgreentec.com\/en\/roofpower\/","og_site_name":"NewGreenTec","article_publisher":"https:\/\/www.facebook.com\/newgreentec\/","article_modified_time":"2025-02-17T13:04:00+00:00","twitter_card":"summary_large_image","twitter_misc":{"Estimated reading time":"1 minute"},"schema":{"@context":"https:\/\/schema.org","@graph":[{"@type":"WebPage","@id":"https:\/\/newgreentec.com\/roofpower\/","url":"https:\/\/newgreentec.com\/roofpower\/","name":"Roofpower\u2122 - NewGreenTec","isPartOf":{"@id":"https:\/\/newgreentec.com\/#website"},"datePublished":"2025-01-23T13:38:28+00:00","dateModified":"2025-02-17T13:04:00+00:00","breadcrumb":{"@id":"https:\/\/newgreentec.com\/roofpower\/#breadcrumb"},"inLanguage":"en-GB","potentialAction":[{"@type":"ReadAction","target":["https:\/\/newgreentec.com\/roofpower\/"]}]},{"@type":"BreadcrumbList","@id":"https:\/\/newgreentec.com\/roofpower\/#breadcrumb","itemListElement":[{"@type":"ListItem","position":1,"name":"Startseite","item":"https:\/\/newgreentec.com\/"},{"@type":"ListItem","position":2,"name":"Roofpower&trade;"}]},{"@type":"WebSite","@id":"https:\/\/newgreentec.com\/#website","url":"https:\/\/newgreentec.com\/","name":"NewGreenTec","description":"","publisher":{"@id":"https:\/\/newgreentec.com\/#organization"},"potentialAction":[{"@type":"SearchAction","target":{"@type":"EntryPoint","urlTemplate":"https:\/\/newgreentec.com\/?s={search_term_string}"},"query-input":{"@type":"PropertyValueSpecification","valueRequired":true,"valueName":"search_term_string"}}],"inLanguage":"en-GB"},{"@type":"Organization","@id":"https:\/\/newgreentec.com\/#organization","name":"NewGreenTec","url":"https:\/\/newgreentec.com\/","logo":{"@type":"ImageObject","inLanguage":"en-GB","@id":"https:\/\/newgreentec.com\/#\/schema\/logo\/image\/","url":"https:\/\/newgreentec.com\/wp-content\/uploads\/2024\/07\/NewGreenTec-logo-2560x2560-1.png","contentUrl":"https:\/\/newgreentec.com\/wp-content\/uploads\/2024\/07\/NewGreenTec-logo-2560x2560-1.png","width":2560,"height":2560,"caption":"NewGreenTec"},"image":{"@id":"https:\/\/newgreentec.com\/#\/schema\/logo\/image\/"},"sameAs":["https:\/\/www.facebook.com\/newgreentec\/","https:\/\/www.linkedin.com\/company\/newgreentec\/"]}]}},"_links":{"self":[{"href":"https:\/\/newgreentec.com\/en\/wp-json\/wp\/v2\/pages\/2215","targetHints":{"allow":["GET"]}}],"collection":[{"href":"https:\/\/newgreentec.com\/en\/wp-json\/wp\/v2\/pages"}],"about":[{"href":"https:\/\/newgreentec.com\/en\/wp-json\/wp\/v2\/types\/page"}],"author":[{"embeddable":true,"href":"https:\/\/newgreentec.com\/en\/wp-json\/wp\/v2\/users\/1"}],"replies":[{"embeddable":true,"href":"https:\/\/newgreentec.com\/en\/wp-json\/wp\/v2\/comments?post=2215"}],"version-history":[{"count":0,"href":"https:\/\/newgreentec.com\/en\/wp-json\/wp\/v2\/pages\/2215\/revisions"}],"wp:attachment":[{"href":"https:\/\/newgreentec.com\/en\/wp-json\/wp\/v2\/media?parent=2215"}],"curies":[{"name":"wp","href":"https:\/\/api.w.org\/{rel}","templated":true}]}}