{"id":2109,"date":"2025-01-23T14:02:41","date_gmt":"2025-01-23T13:02:41","guid":{"rendered":"https:\/\/cms-webdesign.ch\/newgreentec\/?page_id=2109"},"modified":"2025-02-17T14:01:50","modified_gmt":"2025-02-17T13:01:50","slug":"energytower","status":"publish","type":"page","link":"https:\/\/newgreentec.com\/fr\/energytower\/","title":{"rendered":"EnergyTower\u2122"},"content":{"rendered":"<div data-elementor-type=\"wp-page\" data-elementor-id=\"2109\" class=\"elementor elementor-2109\" data-elementor-post-type=\"page\">\n\t\t\t\t<div data-particle_enable=\"false\" data-particle-mobile-disabled=\"false\" class=\"elementor-element elementor-element-e09f3f0 e-con-full e-flex e-con e-parent\" data-id=\"e09f3f0\" data-element_type=\"container\" data-settings=\"{&quot;background_background&quot;:&quot;classic&quot;}\">\n\t\t\t\t<\/div>\n\t\t<div data-particle_enable=\"false\" data-particle-mobile-disabled=\"false\" class=\"elementor-element elementor-element-9b02e3a e-flex e-con-boxed e-con e-parent\" data-id=\"9b02e3a\" data-element_type=\"container\" data-settings=\"{&quot;background_background&quot;:&quot;gradient&quot;}\">\n\t\t\t\t\t<div class=\"e-con-inner\">\n\t\t\t\t<div class=\"elementor-element elementor-element-645b4b7 elementor-widget__width-inherit elementor-widget elementor-widget-heading\" data-id=\"645b4b7\" data-element_type=\"widget\" data-widget_type=\"heading.default\">\n\t\t\t\t<div class=\"elementor-widget-container\">\n\t\t\t\t\t<h1 class=\"elementor-heading-title elementor-size-default\">EnergyTower\u2122<\/h1>\t\t\t\t<\/div>\n\t\t\t\t<\/div>\n\t\t\t\t<div class=\"elementor-element elementor-element-1dba39c elementor-widget elementor-widget-text-editor\" data-id=\"1dba39c\" data-element_type=\"widget\" data-widget_type=\"text-editor.default\">\n\t\t\t\t<div class=\"elementor-widget-container\">\n\t\t\t\t\t\t\t\t\t<p>EnergyTower\u2122 est une petite centrale hybride compacte qui permet de produire soi-m\u00eame de l'\u00e9lectricit\u00e9 verte partout. Elle combine l'\u00e9nergie \u00e9olienne et solaire dans une solution modulaire.<\/p>\t\t\t\t\t\t\t\t<\/div>\n\t\t\t\t<\/div>\n\t\t\t\t\t<\/div>\n\t\t\t\t<\/div>\n\t\t<div data-particle_enable=\"false\" data-particle-mobile-disabled=\"false\" class=\"elementor-element elementor-element-7208e345 e-flex e-con-boxed e-con e-parent\" data-id=\"7208e345\" data-element_type=\"container\" data-settings=\"{&quot;background_background&quot;:&quot;classic&quot;}\">\n\t\t\t\t\t<div class=\"e-con-inner\">\n\t\t<div data-particle_enable=\"false\" data-particle-mobile-disabled=\"false\" class=\"elementor-element elementor-element-140dd42e e-con-full e-flex e-con e-child\" data-id=\"140dd42e\" data-element_type=\"container\" data-settings=\"{&quot;background_background&quot;:&quot;classic&quot;}\">\n\t\t<div data-particle_enable=\"false\" data-particle-mobile-disabled=\"false\" class=\"elementor-element elementor-element-6464c184 e-con-full e-flex e-con e-child\" data-id=\"6464c184\" data-element_type=\"container\">\n\t\t\t\t<div class=\"elementor-element elementor-element-03147cf elementor-widget elementor-widget-image\" data-id=\"03147cf\" data-element_type=\"widget\" data-widget_type=\"image.default\">\n\t\t\t\t<div class=\"elementor-widget-container\">\n\t\t\t\t\t\t\t\t\t\t\t\t\t\t\t<img fetchpriority=\"high\" decoding=\"async\" width=\"364\" height=\"417\" src=\"https:\/\/newgreentec.com\/wp-content\/uploads\/2025\/01\/NGT8.png\" class=\"attachment-full size-full wp-image-2143\" alt=\"\" srcset=\"https:\/\/newgreentec.com\/wp-content\/uploads\/2025\/01\/NGT8.png 364w, https:\/\/newgreentec.com\/wp-content\/uploads\/2025\/01\/NGT8-262x300.png 262w\" sizes=\"(max-width: 364px) 100vw, 364px\" \/>\t\t\t\t\t\t\t\t\t\t\t\t\t\t\t<\/div>\n\t\t\t\t<\/div>\n\t\t\t\t<div class=\"elementor-element elementor-element-acd8827 elementor-widget elementor-widget-video\" data-id=\"acd8827\" data-element_type=\"widget\" data-settings=\"{&quot;youtube_url&quot;:&quot;https:\\\/\\\/www.youtube.com\\\/watch?v=TqIyWS4Fbds&quot;,&quot;mute&quot;:&quot;yes&quot;,&quot;loop&quot;:&quot;yes&quot;,&quot;video_type&quot;:&quot;youtube&quot;,&quot;controls&quot;:&quot;yes&quot;}\" data-widget_type=\"video.default\">\n\t\t\t\t<div class=\"elementor-widget-container\">\n\t\t\t\t\t\t\t<div class=\"elementor-wrapper elementor-open-inline\">\n\t\t\t<div class=\"elementor-video\"><\/div>\t\t<\/div>\n\t\t\t\t\t\t<\/div>\n\t\t\t\t<\/div>\n\t\t\t\t<\/div>\n\t\t<div data-particle_enable=\"false\" data-particle-mobile-disabled=\"false\" class=\"elementor-element elementor-element-5086a90 e-con-full e-flex e-con e-child\" data-id=\"5086a90\" data-element_type=\"container\">\n\t\t<div data-particle_enable=\"false\" data-particle-mobile-disabled=\"false\" class=\"elementor-element elementor-element-50348a4b e-con-full e-flex e-con e-child\" data-id=\"50348a4b\" data-element_type=\"container\">\n\t\t\t\t<div class=\"elementor-element elementor-element-161f8763 elementor-widget elementor-widget-heading\" data-id=\"161f8763\" data-element_type=\"widget\" data-widget_type=\"heading.default\">\n\t\t\t\t<div class=\"elementor-widget-container\">\n\t\t\t\t\t<h2 class=\"elementor-heading-title elementor-size-default\">Technologie<\/h2>\t\t\t\t<\/div>\n\t\t\t\t<\/div>\n\t\t\t\t<div class=\"elementor-element elementor-element-ede8230 elementor-align-start elementor-icon-list--layout-traditional elementor-list-item-link-full_width elementor-widget elementor-widget-icon-list\" data-id=\"ede8230\" data-element_type=\"widget\" data-widget_type=\"icon-list.default\">\n\t\t\t\t<div class=\"elementor-widget-container\">\n\t\t\t\t\t\t\t<ul class=\"elementor-icon-list-items\">\n\t\t\t\t\t\t\t<li class=\"elementor-icon-list-item\">\n\t\t\t\t\t\t\t\t\t\t\t<span class=\"elementor-icon-list-icon\">\n\t\t\t\t\t\t\t<svg aria-hidden=\"true\" class=\"e-font-icon-svg e-fas-square-full\" viewbox=\"0 0 512 512\" xmlns=\"http:\/\/www.w3.org\/2000\/svg\"><path d=\"M512 512H0V0h512v512z\"><\/path><\/svg>\t\t\t\t\t\t<\/span>\n\t\t\t\t\t\t\t\t\t\t<span class=\"elementor-icon-list-text\">Combinaison de modules photovolta\u00efques et d'\u00e9oliennes \u00e0 axe vertical, sans entretien, silencieuses et ind\u00e9pendantes de la direction du vent.<\/span>\n\t\t\t\t\t\t\t\t\t<\/li>\n\t\t\t\t\t\t\t\t<li class=\"elementor-icon-list-item\">\n\t\t\t\t\t\t\t\t\t\t\t<span class=\"elementor-icon-list-icon\">\n\t\t\t\t\t\t\t<svg aria-hidden=\"true\" class=\"e-font-icon-svg e-fas-square-full\" viewbox=\"0 0 512 512\" xmlns=\"http:\/\/www.w3.org\/2000\/svg\"><path d=\"M512 512H0V0h512v512z\"><\/path><\/svg>\t\t\t\t\t\t<\/span>\n\t\t\t\t\t\t\t\t\t\t<span class=\"elementor-icon-list-text\">Solution tout-en-un : comprend un onduleur, une commande et, en option, un compteur d'\u00e9nergie et un accumulateur.<\/span>\n\t\t\t\t\t\t\t\t\t<\/li>\n\t\t\t\t\t\t\t\t<li class=\"elementor-icon-list-item\">\n\t\t\t\t\t\t\t\t\t\t\t<span class=\"elementor-icon-list-icon\">\n\t\t\t\t\t\t\t<svg aria-hidden=\"true\" class=\"e-font-icon-svg e-fas-square-full\" viewbox=\"0 0 512 512\" xmlns=\"http:\/\/www.w3.org\/2000\/svg\"><path d=\"M512 512H0V0h512v512z\"><\/path><\/svg>\t\t\t\t\t\t<\/span>\n\t\t\t\t\t\t\t\t\t\t<span class=\"elementor-icon-list-text\">Plug-and-Play : il suffit de l'installer sur une surface minimale et de le connecter.<\/span>\n\t\t\t\t\t\t\t\t\t<\/li>\n\t\t\t\t\t\t\t\t<li class=\"elementor-icon-list-item\">\n\t\t\t\t\t\t\t\t\t\t\t<span class=\"elementor-icon-list-icon\">\n\t\t\t\t\t\t\t<svg aria-hidden=\"true\" class=\"e-font-icon-svg e-fas-square-full\" viewbox=\"0 0 512 512\" xmlns=\"http:\/\/www.w3.org\/2000\/svg\"><path d=\"M512 512H0V0h512v512z\"><\/path><\/svg>\t\t\t\t\t\t<\/span>\n\t\t\t\t\t\t\t\t\t\t<span class=\"elementor-icon-list-text\">L'espace int\u00e9rieur peut \u00eatre utilis\u00e9 individuellement et convient par exemple pour un accumulateur d'\u00e9nergie, une unit\u00e9 de traitement de l'eau, une unit\u00e9 de filtrage, une unit\u00e9 de dessalement, une pompe ou comme lieu de stockage pour des instruments de communication et de recherche. <\/span>\n\t\t\t\t\t\t\t\t\t<\/li>\n\t\t\t\t\t\t\t\t<li class=\"elementor-icon-list-item\">\n\t\t\t\t\t\t\t\t\t\t\t<span class=\"elementor-icon-list-icon\">\n\t\t\t\t\t\t\t<svg aria-hidden=\"true\" class=\"e-font-icon-svg e-fas-square-full\" viewbox=\"0 0 512 512\" xmlns=\"http:\/\/www.w3.org\/2000\/svg\"><path d=\"M512 512H0V0h512v512z\"><\/path><\/svg>\t\t\t\t\t\t<\/span>\n\t\t\t\t\t\t\t\t\t\t<span class=\"elementor-icon-list-text\">L'\u00e9lectricit\u00e9 produite peut \u00eatre utilis\u00e9e directement ou inject\u00e9e dans le r\u00e9seau.<\/span>\n\t\t\t\t\t\t\t\t\t<\/li>\n\t\t\t\t\t\t\t\t<li class=\"elementor-icon-list-item\">\n\t\t\t\t\t\t\t\t\t\t\t<span class=\"elementor-icon-list-icon\">\n\t\t\t\t\t\t\t<svg aria-hidden=\"true\" class=\"e-font-icon-svg e-fas-square-full\" viewbox=\"0 0 512 512\" xmlns=\"http:\/\/www.w3.org\/2000\/svg\"><path d=\"M512 512H0V0h512v512z\"><\/path><\/svg>\t\t\t\t\t\t<\/span>\n\t\t\t\t\t\t\t\t\t\t<span class=\"elementor-icon-list-text\">\u00c9volutivit\u00e9 modulaire : de la mini-tour \u00e0 la XL- EnergyTower\u2122.<\/span>\n\t\t\t\t\t\t\t\t\t<\/li>\n\t\t\t\t\t\t<\/ul>\n\t\t\t\t\t\t<\/div>\n\t\t\t\t<\/div>\n\t\t\t\t<div class=\"elementor-element elementor-element-c63ee33 premium-lq__none elementor-widget elementor-widget-premium-addon-button\" data-id=\"c63ee33\" data-element_type=\"widget\" data-widget_type=\"premium-addon-button.default\">\n\t\t\t\t<div class=\"elementor-widget-container\">\n\t\t\t\t\t\r\n\r\n\t\t<a class=\"premium-button premium-button-none premium-btn-sm premium-button-none\" href=\"https:\/\/newgreentec.com\/wp-content\/uploads\/2025\/01\/image021.png\">\r\n\t\t\t<div class=\"premium-button-text-icon-wrapper\">\r\n\t\t\t\t\r\n\t\t\t\t\t\t\t\t\t\t\t\t\t\t\t\t\t\t<svg class=\"svg-inline--fas-fa-table premium-drawable-icon premium-svg-nodraw\" aria-hidden='true' xmlns='http:\/\/www.w3.org\/2000\/svg' viewbox='0 0 512 512'><path d=\"M464 32H48C21.49 32 0 53.49 0 80v352c0 26.51 21.49 48 48 48h416c26.51 0 48-21.49 48-48V80c0-26.51-21.49-48-48-48zM224 416H64v-96h160v96zm0-160H64v-96h160v96zm224 160H288v-96h160v96zm0-160H288v-96h160v96z\"><\/path><\/svg>\t\t\t\t\t\t\t\t\t\t\t\t\t\t\t\r\n\t\t\t\t\t\t\t\t\t<span >\r\n\t\t\t\t\t\tSp\u00e9cifications\t\t\t\t\t<\/span>\r\n\t\t\t\t\t\t\t<\/div>\r\n\r\n\t\t\t\r\n\t\t\t\r\n\t\t\t\r\n\t\t<\/a>\r\n\r\n\r\n\t\t\t\t\t\t<\/div>\n\t\t\t\t<\/div>\n\t\t\t\t<\/div>\n\t\t<div data-particle_enable=\"false\" data-particle-mobile-disabled=\"false\" class=\"elementor-element elementor-element-28599cb2 e-con-full e-flex e-con e-child\" data-id=\"28599cb2\" data-element_type=\"container\" data-settings=\"{&quot;background_background&quot;:&quot;classic&quot;}\">\n\t\t\t\t<div class=\"elementor-element elementor-element-7c9536c0 elementor-widget elementor-widget-heading\" data-id=\"7c9536c0\" data-element_type=\"widget\" data-widget_type=\"heading.default\">\n\t\t\t\t<div class=\"elementor-widget-container\">\n\t\t\t\t\t<h3 class=\"elementor-heading-title elementor-size-default\">Possibilit\u00e9s d'utilisation<\/h3>\t\t\t\t<\/div>\n\t\t\t\t<\/div>\n\t\t\t\t<div class=\"elementor-element elementor-element-5927a18f elementor-widget elementor-widget-text-editor\" data-id=\"5927a18f\" data-element_type=\"widget\" data-widget_type=\"text-editor.default\">\n\t\t\t\t<div class=\"elementor-widget-container\">\n\t\t\t\t\t\t\t\t\t<p>EnergyTower\u2122 est tout aussi polyvalent dans ses diff\u00e9rentes tailles. Des m\u00e9nages priv\u00e9s aux applications industrielles ou \u00e0 l'alimentation de stations de recharge. Le produit est id\u00e9al pour les toits plats, les terrasses et les espaces ouverts et constitue une solution fiable pour une alimentation \u00e9lectrique d\u00e9centralis\u00e9e.<\/p>\t\t\t\t\t\t\t\t<\/div>\n\t\t\t\t<\/div>\n\t\t\t\t<\/div>\n\t\t\t\t<\/div>\n\t\t\t\t<\/div>\n\t\t\t\t\t<\/div>\n\t\t\t\t<\/div>\n\t\t<div data-particle_enable=\"false\" data-particle-mobile-disabled=\"false\" class=\"elementor-element elementor-element-77855541 e-flex e-con-boxed e-con e-parent\" data-id=\"77855541\" data-element_type=\"container\">\n\t\t\t\t\t<div class=\"e-con-inner\">\n\t\t\t\t\t<\/div>\n\t\t\t\t<\/div>\n\t\t\t\t<\/div>","protected":false},"excerpt":{"rendered":"<p>EnergyTower\u2122 est une petite centrale hybride compacte qui permet de produire soi-m\u00eame de l'\u00e9lectricit\u00e9 verte partout. Elle combine l'\u00e9nergie \u00e9olienne et solaire [...].<\/p>","protected":false},"author":1,"featured_media":0,"parent":0,"menu_order":0,"comment_status":"closed","ping_status":"closed","template":"elementor_header_footer","meta":{"site-sidebar-layout":"no-sidebar","site-content-layout":"plain-container","ast-site-content-layout":"full-width-container","site-content-style":"default","site-sidebar-style":"default","ast-global-header-display":"","ast-banner-title-visibility":"","ast-main-header-display":"","ast-hfb-above-header-display":"","ast-hfb-below-header-display":"","ast-hfb-mobile-header-display":"","site-post-title":"disabled","ast-breadcrumbs-content":"","ast-featured-img":"disabled","footer-sml-layout":"","ast-disable-related-posts":"","theme-transparent-header-meta":"disabled","adv-header-id-meta":"","stick-header-meta":"enabled","header-above-stick-meta":"","header-main-stick-meta":"","header-below-stick-meta":"","astra-migrate-meta-layouts":"default","ast-page-background-enabled":"default","ast-page-background-meta":{"desktop":{"background-color":"var(--ast-global-color-4)","background-image":"","background-repeat":"repeat","background-position":"center center","background-size":"auto","background-attachment":"scroll","background-type":"","background-media":"","overlay-type":"","overlay-color":"","overlay-opacity":"","overlay-gradient":""},"tablet":{"background-color":"","background-image":"","background-repeat":"repeat","background-position":"center center","background-size":"auto","background-attachment":"scroll","background-type":"","background-media":"","overlay-type":"","overlay-color":"","overlay-opacity":"","overlay-gradient":""},"mobile":{"background-color":"","background-image":"","background-repeat":"repeat","background-position":"center center","background-size":"auto","background-attachment":"scroll","background-type":"","background-media":"","overlay-type":"","overlay-color":"","overlay-opacity":"","overlay-gradient":""}},"ast-content-background-meta":{"desktop":{"background-color":"var(--ast-global-color-5)","background-image":"","background-repeat":"repeat","background-position":"center center","background-size":"auto","background-attachment":"scroll","background-type":"","background-media":"","overlay-type":"","overlay-color":"","overlay-opacity":"","overlay-gradient":""},"tablet":{"background-color":"var(--ast-global-color-5)","background-image":"","background-repeat":"repeat","background-position":"center center","background-size":"auto","background-attachment":"scroll","background-type":"","background-media":"","overlay-type":"","overlay-color":"","overlay-opacity":"","overlay-gradient":""},"mobile":{"background-color":"var(--ast-global-color-5)","background-image":"","background-repeat":"repeat","background-position":"center center","background-size":"auto","background-attachment":"scroll","background-type":"","background-media":"","overlay-type":"","overlay-color":"","overlay-opacity":"","overlay-gradient":""}},"footnotes":""},"class_list":["post-2109","page","type-page","status-publish","hentry"],"yoast_head":"<!-- This site is optimized with the Yoast SEO plugin v26.8 - https:\/\/yoast.com\/product\/yoast-seo-wordpress\/ -->\n<title>EnergyTower&trade; - NewGreenTec<\/title>\n<meta name=\"robots\" content=\"index, follow, max-snippet:-1, max-image-preview:large, max-video-preview:-1\" \/>\n<link rel=\"canonical\" href=\"https:\/\/newgreentec.com\/fr\/energytower\/\" \/>\n<meta property=\"og:locale\" content=\"fr_FR\" \/>\n<meta property=\"og:type\" content=\"article\" \/>\n<meta property=\"og:title\" content=\"EnergyTower&trade; - NewGreenTec\" \/>\n<meta property=\"og:description\" content=\"EnergyTower\u2122 ist ein kompaktes hybrides Kleinkraftwerk, welches erm\u00f6glicht, \u00d6kostrom \u00fcberall selbst zu produzieren. Es kombiniert Wind- und Solarenergie in einer [&hellip;]\" \/>\n<meta property=\"og:url\" content=\"https:\/\/newgreentec.com\/fr\/energytower\/\" \/>\n<meta property=\"og:site_name\" content=\"NewGreenTec\" \/>\n<meta property=\"article:publisher\" content=\"https:\/\/www.facebook.com\/newgreentec\/\" \/>\n<meta property=\"article:modified_time\" content=\"2025-02-17T13:01:50+00:00\" \/>\n<meta property=\"og:image\" content=\"https:\/\/newgreentec.com\/wp-content\/uploads\/2025\/01\/NGT8.png\" \/>\n\t<meta property=\"og:image:width\" content=\"364\" \/>\n\t<meta property=\"og:image:height\" content=\"417\" \/>\n\t<meta property=\"og:image:type\" content=\"image\/png\" \/>\n<meta name=\"twitter:card\" content=\"summary_large_image\" \/>\n<meta name=\"twitter:label1\" content=\"Dur\u00e9e de lecture estim\u00e9e\" \/>\n\t<meta name=\"twitter:data1\" content=\"1 minute\" \/>\n<script type=\"application\/ld+json\" class=\"yoast-schema-graph\">{\"@context\":\"https:\/\/schema.org\",\"@graph\":[{\"@type\":\"WebPage\",\"@id\":\"https:\/\/newgreentec.com\/energytower\/\",\"url\":\"https:\/\/newgreentec.com\/energytower\/\",\"name\":\"EnergyTower&trade; - NewGreenTec\",\"isPartOf\":{\"@id\":\"https:\/\/newgreentec.com\/#website\"},\"primaryImageOfPage\":{\"@id\":\"https:\/\/newgreentec.com\/energytower\/#primaryimage\"},\"image\":{\"@id\":\"https:\/\/newgreentec.com\/energytower\/#primaryimage\"},\"thumbnailUrl\":\"https:\/\/newgreentec.com\/wp-content\/uploads\/2025\/01\/NGT8.png\",\"datePublished\":\"2025-01-23T13:02:41+00:00\",\"dateModified\":\"2025-02-17T13:01:50+00:00\",\"breadcrumb\":{\"@id\":\"https:\/\/newgreentec.com\/energytower\/#breadcrumb\"},\"inLanguage\":\"fr-FR\",\"potentialAction\":[{\"@type\":\"ReadAction\",\"target\":[\"https:\/\/newgreentec.com\/energytower\/\"]}]},{\"@type\":\"ImageObject\",\"inLanguage\":\"fr-FR\",\"@id\":\"https:\/\/newgreentec.com\/energytower\/#primaryimage\",\"url\":\"https:\/\/newgreentec.com\/wp-content\/uploads\/2025\/01\/NGT8.png\",\"contentUrl\":\"https:\/\/newgreentec.com\/wp-content\/uploads\/2025\/01\/NGT8.png\"},{\"@type\":\"BreadcrumbList\",\"@id\":\"https:\/\/newgreentec.com\/energytower\/#breadcrumb\",\"itemListElement\":[{\"@type\":\"ListItem\",\"position\":1,\"name\":\"Startseite\",\"item\":\"https:\/\/newgreentec.com\/\"},{\"@type\":\"ListItem\",\"position\":2,\"name\":\"EnergyTower&trade;\"}]},{\"@type\":\"WebSite\",\"@id\":\"https:\/\/newgreentec.com\/#website\",\"url\":\"https:\/\/newgreentec.com\/\",\"name\":\"NewGreenTec\",\"description\":\"\",\"publisher\":{\"@id\":\"https:\/\/newgreentec.com\/#organization\"},\"potentialAction\":[{\"@type\":\"SearchAction\",\"target\":{\"@type\":\"EntryPoint\",\"urlTemplate\":\"https:\/\/newgreentec.com\/?s={search_term_string}\"},\"query-input\":{\"@type\":\"PropertyValueSpecification\",\"valueRequired\":true,\"valueName\":\"search_term_string\"}}],\"inLanguage\":\"fr-FR\"},{\"@type\":\"Organization\",\"@id\":\"https:\/\/newgreentec.com\/#organization\",\"name\":\"NewGreenTec\",\"url\":\"https:\/\/newgreentec.com\/\",\"logo\":{\"@type\":\"ImageObject\",\"inLanguage\":\"fr-FR\",\"@id\":\"https:\/\/newgreentec.com\/#\/schema\/logo\/image\/\",\"url\":\"https:\/\/newgreentec.com\/wp-content\/uploads\/2024\/07\/NewGreenTec-logo-2560x2560-1.png\",\"contentUrl\":\"https:\/\/newgreentec.com\/wp-content\/uploads\/2024\/07\/NewGreenTec-logo-2560x2560-1.png\",\"width\":2560,\"height\":2560,\"caption\":\"NewGreenTec\"},\"image\":{\"@id\":\"https:\/\/newgreentec.com\/#\/schema\/logo\/image\/\"},\"sameAs\":[\"https:\/\/www.facebook.com\/newgreentec\/\",\"https:\/\/www.linkedin.com\/company\/newgreentec\/\"]}]}<\/script>\n<!-- \/ Yoast SEO plugin. -->","yoast_head_json":{"title":"EnergyTower\u2122 - NewGreenTec","robots":{"index":"index","follow":"follow","max-snippet":"max-snippet:-1","max-image-preview":"max-image-preview:large","max-video-preview":"max-video-preview:-1"},"canonical":"https:\/\/newgreentec.com\/fr\/energytower\/","og_locale":"fr_FR","og_type":"article","og_title":"EnergyTower&trade; - NewGreenTec","og_description":"EnergyTower\u2122 ist ein kompaktes hybrides Kleinkraftwerk, welches erm\u00f6glicht, \u00d6kostrom \u00fcberall selbst zu produzieren. Es kombiniert Wind- und Solarenergie in einer [&hellip;]","og_url":"https:\/\/newgreentec.com\/fr\/energytower\/","og_site_name":"NewGreenTec","article_publisher":"https:\/\/www.facebook.com\/newgreentec\/","article_modified_time":"2025-02-17T13:01:50+00:00","og_image":[{"width":364,"height":417,"url":"https:\/\/newgreentec.com\/wp-content\/uploads\/2025\/01\/NGT8.png","type":"image\/png"}],"twitter_card":"summary_large_image","twitter_misc":{"Dur\u00e9e de lecture estim\u00e9e":"1 minute"},"schema":{"@context":"https:\/\/schema.org","@graph":[{"@type":"WebPage","@id":"https:\/\/newgreentec.com\/energytower\/","url":"https:\/\/newgreentec.com\/energytower\/","name":"EnergyTower\u2122 - NewGreenTec","isPartOf":{"@id":"https:\/\/newgreentec.com\/#website"},"primaryImageOfPage":{"@id":"https:\/\/newgreentec.com\/energytower\/#primaryimage"},"image":{"@id":"https:\/\/newgreentec.com\/energytower\/#primaryimage"},"thumbnailUrl":"https:\/\/newgreentec.com\/wp-content\/uploads\/2025\/01\/NGT8.png","datePublished":"2025-01-23T13:02:41+00:00","dateModified":"2025-02-17T13:01:50+00:00","breadcrumb":{"@id":"https:\/\/newgreentec.com\/energytower\/#breadcrumb"},"inLanguage":"fr-FR","potentialAction":[{"@type":"ReadAction","target":["https:\/\/newgreentec.com\/energytower\/"]}]},{"@type":"ImageObject","inLanguage":"fr-FR","@id":"https:\/\/newgreentec.com\/energytower\/#primaryimage","url":"https:\/\/newgreentec.com\/wp-content\/uploads\/2025\/01\/NGT8.png","contentUrl":"https:\/\/newgreentec.com\/wp-content\/uploads\/2025\/01\/NGT8.png"},{"@type":"BreadcrumbList","@id":"https:\/\/newgreentec.com\/energytower\/#breadcrumb","itemListElement":[{"@type":"ListItem","position":1,"name":"Startseite","item":"https:\/\/newgreentec.com\/"},{"@type":"ListItem","position":2,"name":"EnergyTower&trade;"}]},{"@type":"WebSite","@id":"https:\/\/newgreentec.com\/#website","url":"https:\/\/newgreentec.com\/","name":"NewGreenTec","description":"","publisher":{"@id":"https:\/\/newgreentec.com\/#organization"},"potentialAction":[{"@type":"SearchAction","target":{"@type":"EntryPoint","urlTemplate":"https:\/\/newgreentec.com\/?s={search_term_string}"},"query-input":{"@type":"PropertyValueSpecification","valueRequired":true,"valueName":"search_term_string"}}],"inLanguage":"fr-FR"},{"@type":"Organization","@id":"https:\/\/newgreentec.com\/#organization","name":"NewGreenTec","url":"https:\/\/newgreentec.com\/","logo":{"@type":"ImageObject","inLanguage":"fr-FR","@id":"https:\/\/newgreentec.com\/#\/schema\/logo\/image\/","url":"https:\/\/newgreentec.com\/wp-content\/uploads\/2024\/07\/NewGreenTec-logo-2560x2560-1.png","contentUrl":"https:\/\/newgreentec.com\/wp-content\/uploads\/2024\/07\/NewGreenTec-logo-2560x2560-1.png","width":2560,"height":2560,"caption":"NewGreenTec"},"image":{"@id":"https:\/\/newgreentec.com\/#\/schema\/logo\/image\/"},"sameAs":["https:\/\/www.facebook.com\/newgreentec\/","https:\/\/www.linkedin.com\/company\/newgreentec\/"]}]}},"_links":{"self":[{"href":"https:\/\/newgreentec.com\/fr\/wp-json\/wp\/v2\/pages\/2109","targetHints":{"allow":["GET"]}}],"collection":[{"href":"https:\/\/newgreentec.com\/fr\/wp-json\/wp\/v2\/pages"}],"about":[{"href":"https:\/\/newgreentec.com\/fr\/wp-json\/wp\/v2\/types\/page"}],"author":[{"embeddable":true,"href":"https:\/\/newgreentec.com\/fr\/wp-json\/wp\/v2\/users\/1"}],"replies":[{"embeddable":true,"href":"https:\/\/newgreentec.com\/fr\/wp-json\/wp\/v2\/comments?post=2109"}],"version-history":[{"count":0,"href":"https:\/\/newgreentec.com\/fr\/wp-json\/wp\/v2\/pages\/2109\/revisions"}],"wp:attachment":[{"href":"https:\/\/newgreentec.com\/fr\/wp-json\/wp\/v2\/media?parent=2109"}],"curies":[{"name":"wp","href":"https:\/\/api.w.org\/{rel}","templated":true}]}}