{"id":2171,"date":"2025-01-23T14:23:33","date_gmt":"2025-01-23T13:23:33","guid":{"rendered":"https:\/\/cms-webdesign.ch\/newgreentec\/?page_id=2171"},"modified":"2025-02-17T14:02:35","modified_gmt":"2025-02-17T13:02:35","slug":"tripodpower","status":"publish","type":"page","link":"https:\/\/newgreentec.com\/fr\/tripodpower\/","title":{"rendered":"TripodPower\u2122"},"content":{"rendered":"<div data-elementor-type=\"wp-page\" data-elementor-id=\"2171\" class=\"elementor elementor-2171\" data-elementor-post-type=\"page\">\n\t\t\t\t<div data-particle_enable=\"false\" data-particle-mobile-disabled=\"false\" class=\"elementor-element elementor-element-3b553e6 e-con-full e-flex e-con e-parent\" data-id=\"3b553e6\" data-element_type=\"container\" data-settings=\"{&quot;background_background&quot;:&quot;classic&quot;}\">\n\t\t\t\t<\/div>\n\t\t<div data-particle_enable=\"false\" data-particle-mobile-disabled=\"false\" class=\"elementor-element elementor-element-6b3f39f e-flex e-con-boxed e-con e-parent\" data-id=\"6b3f39f\" data-element_type=\"container\" data-settings=\"{&quot;background_background&quot;:&quot;gradient&quot;}\">\n\t\t\t\t\t<div class=\"e-con-inner\">\n\t\t\t\t<div class=\"elementor-element elementor-element-d830298 elementor-widget__width-inherit elementor-widget elementor-widget-heading\" data-id=\"d830298\" data-element_type=\"widget\" data-widget_type=\"heading.default\">\n\t\t\t\t<div class=\"elementor-widget-container\">\n\t\t\t\t\t<h1 class=\"elementor-heading-title elementor-size-default\">TripodPower\u2122<\/h1>\t\t\t\t<\/div>\n\t\t\t\t<\/div>\n\t\t\t\t<div class=\"elementor-element elementor-element-3f6af11 elementor-widget elementor-widget-text-editor\" data-id=\"3f6af11\" data-element_type=\"widget\" data-widget_type=\"text-editor.default\">\n\t\t\t\t<div class=\"elementor-widget-container\">\n\t\t\t\t\t\t\t\t\t<p>TripodPower\u2122 est une centrale \u00e9lectrique qui pr\u00e9serve les ressources et combine l'\u00e9nergie \u00e9olienne et solaire. Elle est bas\u00e9e sur une construction en bois \u00e0 trois pieds, lest\u00e9e de pierres naturelles massives. Cette construction assure une stabilit\u00e9 maximale, m\u00eame dans des conditions m\u00e9t\u00e9orologiques extr\u00eames. Si n\u00e9cessaire, le TripodPower\u2122 peut \u00eatre ancr\u00e9 en plus. L'utilisation de mat\u00e9riaux naturels permet de minimiser la consommation d'\u00e9nergie grise et le design s'int\u00e8gre harmonieusement dans tout environnement.<\/p>\t\t\t\t\t\t\t\t<\/div>\n\t\t\t\t<\/div>\n\t\t\t\t\t<\/div>\n\t\t\t\t<\/div>\n\t\t<div data-particle_enable=\"false\" data-particle-mobile-disabled=\"false\" class=\"elementor-element elementor-element-1e357d1 e-flex e-con-boxed e-con e-parent\" data-id=\"1e357d1\" data-element_type=\"container\" data-settings=\"{&quot;background_background&quot;:&quot;classic&quot;}\">\n\t\t\t\t\t<div class=\"e-con-inner\">\n\t\t<div data-particle_enable=\"false\" data-particle-mobile-disabled=\"false\" class=\"elementor-element elementor-element-18f46ca5 e-con-full e-flex e-con e-child\" data-id=\"18f46ca5\" data-element_type=\"container\" data-settings=\"{&quot;background_background&quot;:&quot;classic&quot;}\">\n\t\t<div data-particle_enable=\"false\" data-particle-mobile-disabled=\"false\" class=\"elementor-element elementor-element-36bab158 e-con-full e-flex e-con e-child\" data-id=\"36bab158\" data-element_type=\"container\">\n\t\t\t\t<div class=\"elementor-element elementor-element-79da69f7 elementor-widget elementor-widget-image\" data-id=\"79da69f7\" data-element_type=\"widget\" data-widget_type=\"image.default\">\n\t\t\t\t<div class=\"elementor-widget-container\">\n\t\t\t\t\t\t\t\t\t\t\t\t\t\t\t<img fetchpriority=\"high\" decoding=\"async\" width=\"605\" height=\"454\" src=\"https:\/\/newgreentec.com\/wp-content\/uploads\/2025\/01\/image023.jpg\" class=\"attachment-full size-full wp-image-2119\" alt=\"\" srcset=\"https:\/\/newgreentec.com\/wp-content\/uploads\/2025\/01\/image023.jpg 605w, https:\/\/newgreentec.com\/wp-content\/uploads\/2025\/01\/image023-300x225.jpg 300w\" sizes=\"(max-width: 605px) 100vw, 605px\" \/>\t\t\t\t\t\t\t\t\t\t\t\t\t\t\t<\/div>\n\t\t\t\t<\/div>\n\t\t\t\t<\/div>\n\t\t<div data-particle_enable=\"false\" data-particle-mobile-disabled=\"false\" class=\"elementor-element elementor-element-53aafb04 e-con-full e-flex e-con e-child\" data-id=\"53aafb04\" data-element_type=\"container\">\n\t\t<div data-particle_enable=\"false\" data-particle-mobile-disabled=\"false\" class=\"elementor-element elementor-element-682787a2 e-con-full e-flex e-con e-child\" data-id=\"682787a2\" data-element_type=\"container\">\n\t\t\t\t<div class=\"elementor-element elementor-element-6d37ab91 elementor-widget elementor-widget-heading\" data-id=\"6d37ab91\" data-element_type=\"widget\" data-widget_type=\"heading.default\">\n\t\t\t\t<div class=\"elementor-widget-container\">\n\t\t\t\t\t<h2 class=\"elementor-heading-title elementor-size-default\">Technologie<\/h2>\t\t\t\t<\/div>\n\t\t\t\t<\/div>\n\t\t\t\t<div class=\"elementor-element elementor-element-2a2d7d6 elementor-align-start elementor-icon-list--layout-traditional elementor-list-item-link-full_width elementor-widget elementor-widget-icon-list\" data-id=\"2a2d7d6\" data-element_type=\"widget\" data-widget_type=\"icon-list.default\">\n\t\t\t\t<div class=\"elementor-widget-container\">\n\t\t\t\t\t\t\t<ul class=\"elementor-icon-list-items\">\n\t\t\t\t\t\t\t<li class=\"elementor-icon-list-item\">\n\t\t\t\t\t\t\t\t\t\t\t<span class=\"elementor-icon-list-icon\">\n\t\t\t\t\t\t\t<svg aria-hidden=\"true\" class=\"e-font-icon-svg e-fas-square-full\" viewbox=\"0 0 512 512\" xmlns=\"http:\/\/www.w3.org\/2000\/svg\"><path d=\"M512 512H0V0h512v512z\"><\/path><\/svg>\t\t\t\t\t\t<\/span>\n\t\t\t\t\t\t\t\t\t\t<span class=\"elementor-icon-list-text\">Eolienne \u00e0 axe vertical silencieuse et ind\u00e9pendante de la direction du vent, avec des modules photovolta\u00efques sur la structure en bois \u00e0 trois pieds.<\/span>\n\t\t\t\t\t\t\t\t\t<\/li>\n\t\t\t\t\t\t\t\t<li class=\"elementor-icon-list-item\">\n\t\t\t\t\t\t\t\t\t\t\t<span class=\"elementor-icon-list-icon\">\n\t\t\t\t\t\t\t<svg aria-hidden=\"true\" class=\"e-font-icon-svg e-fas-square-full\" viewbox=\"0 0 512 512\" xmlns=\"http:\/\/www.w3.org\/2000\/svg\"><path d=\"M512 512H0V0h512v512z\"><\/path><\/svg>\t\t\t\t\t\t<\/span>\n\t\t\t\t\t\t\t\t\t\t<span class=\"elementor-icon-list-text\">Solution tout-en-un : comprend l'onduleur, la commande et, en option, un compteur d'\u00e9nergie et un accumulateur.<\/span>\n\t\t\t\t\t\t\t\t\t<\/li>\n\t\t\t\t\t\t\t\t<li class=\"elementor-icon-list-item\">\n\t\t\t\t\t\t\t\t\t\t\t<span class=\"elementor-icon-list-icon\">\n\t\t\t\t\t\t\t<svg aria-hidden=\"true\" class=\"e-font-icon-svg e-fas-square-full\" viewbox=\"0 0 512 512\" xmlns=\"http:\/\/www.w3.org\/2000\/svg\"><path d=\"M512 512H0V0h512v512z\"><\/path><\/svg>\t\t\t\t\t\t<\/span>\n\t\t\t\t\t\t\t\t\t\t<span class=\"elementor-icon-list-text\">Fixation : Le lestage avec des pierres naturelles et un ancrage en option permettent de garantir une grande stabilit\u00e9.<\/span>\n\t\t\t\t\t\t\t\t\t<\/li>\n\t\t\t\t\t\t\t\t<li class=\"elementor-icon-list-item\">\n\t\t\t\t\t\t\t\t\t\t\t<span class=\"elementor-icon-list-icon\">\n\t\t\t\t\t\t\t<svg aria-hidden=\"true\" class=\"e-font-icon-svg e-fas-square-full\" viewbox=\"0 0 512 512\" xmlns=\"http:\/\/www.w3.org\/2000\/svg\"><path d=\"M512 512H0V0h512v512z\"><\/path><\/svg>\t\t\t\t\t\t<\/span>\n\t\t\t\t\t\t\t\t\t\t<span class=\"elementor-icon-list-text\">Pour la construction et la fixation, des mat\u00e9riaux locaux sont utilis\u00e9s dans la mesure du possible, avec un minimum d'\u00e9nergie grise et d'\u00e9missions de CO2.<\/span>\n\t\t\t\t\t\t\t\t\t<\/li>\n\t\t\t\t\t\t\t\t<li class=\"elementor-icon-list-item\">\n\t\t\t\t\t\t\t\t\t\t\t<span class=\"elementor-icon-list-icon\">\n\t\t\t\t\t\t\t<svg aria-hidden=\"true\" class=\"e-font-icon-svg e-fas-square-full\" viewbox=\"0 0 512 512\" xmlns=\"http:\/\/www.w3.org\/2000\/svg\"><path d=\"M512 512H0V0h512v512z\"><\/path><\/svg>\t\t\t\t\t\t<\/span>\n\t\t\t\t\t\t\t\t\t\t<span class=\"elementor-icon-list-text\">Flexibilit\u00e9 : l'\u00e9lectricit\u00e9 produite peut \u00eatre utilis\u00e9e directement ou inject\u00e9e dans le r\u00e9seau.<\/span>\n\t\t\t\t\t\t\t\t\t<\/li>\n\t\t\t\t\t\t\t\t<li class=\"elementor-icon-list-item\">\n\t\t\t\t\t\t\t\t\t\t\t<span class=\"elementor-icon-list-icon\">\n\t\t\t\t\t\t\t<svg aria-hidden=\"true\" class=\"e-font-icon-svg e-fas-square-full\" viewbox=\"0 0 512 512\" xmlns=\"http:\/\/www.w3.org\/2000\/svg\"><path d=\"M512 512H0V0h512v512z\"><\/path><\/svg>\t\t\t\t\t\t<\/span>\n\t\t\t\t\t\t\t\t\t\t<span class=\"elementor-icon-list-text\">Options : La taille et le design peuvent \u00eatre adapt\u00e9s \u00e0 l'environnement.<\/span>\n\t\t\t\t\t\t\t\t\t<\/li>\n\t\t\t\t\t\t<\/ul>\n\t\t\t\t\t\t<\/div>\n\t\t\t\t<\/div>\n\t\t\t\t<\/div>\n\t\t<div data-particle_enable=\"false\" data-particle-mobile-disabled=\"false\" class=\"elementor-element elementor-element-3964de8a e-con-full e-flex e-con e-child\" data-id=\"3964de8a\" data-element_type=\"container\" data-settings=\"{&quot;background_background&quot;:&quot;classic&quot;}\">\n\t\t\t\t<div class=\"elementor-element elementor-element-55fbc26a elementor-widget elementor-widget-heading\" data-id=\"55fbc26a\" data-element_type=\"widget\" data-widget_type=\"heading.default\">\n\t\t\t\t<div class=\"elementor-widget-container\">\n\t\t\t\t\t<h3 class=\"elementor-heading-title elementor-size-default\">Possibilit\u00e9s d'utilisation<\/h3>\t\t\t\t<\/div>\n\t\t\t\t<\/div>\n\t\t\t\t<div class=\"elementor-element elementor-element-4f2170fd elementor-widget elementor-widget-text-editor\" data-id=\"4f2170fd\" data-element_type=\"widget\" data-widget_type=\"text-editor.default\">\n\t\t\t\t<div class=\"elementor-widget-container\">\n\t\t\t\t\t\t\t\t\t<p>TripodPower\u2122 est id\u00e9al pour une utilisation sur de grandes surfaces en plein air. Gr\u00e2ce \u00e0 sa construction robuste, il est particuli\u00e8rement adapt\u00e9 aux r\u00e9gions o\u00f9 le vent souffle fort. La combinaison durable du bois et de la pierre en fait une solution \u00e9cologique et esth\u00e9tique pour la production d\u00e9centralis\u00e9e d'\u00e9lectricit\u00e9.<\/p>\t\t\t\t\t\t\t\t<\/div>\n\t\t\t\t<\/div>\n\t\t\t\t<\/div>\n\t\t\t\t<\/div>\n\t\t\t\t<\/div>\n\t\t\t\t\t<\/div>\n\t\t\t\t<\/div>\n\t\t\t\t<\/div>","protected":false},"excerpt":{"rendered":"<p>TripodPower\u2122 est une centrale \u00e9lectrique qui pr\u00e9serve les ressources et combine l'\u00e9nergie \u00e9olienne et solaire. Elle est bas\u00e9e sur une structure en bois \u00e0 trois pieds, recouverte de pierres naturelles massives [...].<\/p>","protected":false},"author":1,"featured_media":0,"parent":0,"menu_order":0,"comment_status":"closed","ping_status":"closed","template":"elementor_header_footer","meta":{"site-sidebar-layout":"no-sidebar","site-content-layout":"plain-container","ast-site-content-layout":"full-width-container","site-content-style":"default","site-sidebar-style":"default","ast-global-header-display":"","ast-banner-title-visibility":"","ast-main-header-display":"","ast-hfb-above-header-display":"","ast-hfb-below-header-display":"","ast-hfb-mobile-header-display":"","site-post-title":"disabled","ast-breadcrumbs-content":"","ast-featured-img":"disabled","footer-sml-layout":"","ast-disable-related-posts":"","theme-transparent-header-meta":"disabled","adv-header-id-meta":"","stick-header-meta":"enabled","header-above-stick-meta":"","header-main-stick-meta":"","header-below-stick-meta":"","astra-migrate-meta-layouts":"default","ast-page-background-enabled":"default","ast-page-background-meta":{"desktop":{"background-color":"var(--ast-global-color-4)","background-image":"","background-repeat":"repeat","background-position":"center center","background-size":"auto","background-attachment":"scroll","background-type":"","background-media":"","overlay-type":"","overlay-color":"","overlay-opacity":"","overlay-gradient":""},"tablet":{"background-color":"","background-image":"","background-repeat":"repeat","background-position":"center center","background-size":"auto","background-attachment":"scroll","background-type":"","background-media":"","overlay-type":"","overlay-color":"","overlay-opacity":"","overlay-gradient":""},"mobile":{"background-color":"","background-image":"","background-repeat":"repeat","background-position":"center center","background-size":"auto","background-attachment":"scroll","background-type":"","background-media":"","overlay-type":"","overlay-color":"","overlay-opacity":"","overlay-gradient":""}},"ast-content-background-meta":{"desktop":{"background-color":"var(--ast-global-color-5)","background-image":"","background-repeat":"repeat","background-position":"center center","background-size":"auto","background-attachment":"scroll","background-type":"","background-media":"","overlay-type":"","overlay-color":"","overlay-opacity":"","overlay-gradient":""},"tablet":{"background-color":"var(--ast-global-color-5)","background-image":"","background-repeat":"repeat","background-position":"center center","background-size":"auto","background-attachment":"scroll","background-type":"","background-media":"","overlay-type":"","overlay-color":"","overlay-opacity":"","overlay-gradient":""},"mobile":{"background-color":"var(--ast-global-color-5)","background-image":"","background-repeat":"repeat","background-position":"center center","background-size":"auto","background-attachment":"scroll","background-type":"","background-media":"","overlay-type":"","overlay-color":"","overlay-opacity":"","overlay-gradient":""}},"footnotes":""},"class_list":["post-2171","page","type-page","status-publish","hentry"],"yoast_head":"<!-- This site is optimized with the Yoast SEO plugin v26.8 - https:\/\/yoast.com\/product\/yoast-seo-wordpress\/ -->\n<title>TripodPower&trade; - NewGreenTec<\/title>\n<meta name=\"robots\" content=\"index, follow, max-snippet:-1, max-image-preview:large, max-video-preview:-1\" \/>\n<link rel=\"canonical\" href=\"https:\/\/newgreentec.com\/fr\/tripodpower\/\" \/>\n<meta property=\"og:locale\" content=\"fr_FR\" \/>\n<meta property=\"og:type\" content=\"article\" \/>\n<meta property=\"og:title\" content=\"TripodPower&trade; - NewGreenTec\" \/>\n<meta property=\"og:description\" content=\"TripodPower\u2122 ist ein ressourcenschonendes Kraftwerk, das Wind- und Solarenergie kombiniert. Es basiert auf einer dreibeinigen Holzkonstruktion, die mit massiven Natursteinen [&hellip;]\" \/>\n<meta property=\"og:url\" content=\"https:\/\/newgreentec.com\/fr\/tripodpower\/\" \/>\n<meta property=\"og:site_name\" content=\"NewGreenTec\" \/>\n<meta property=\"article:publisher\" content=\"https:\/\/www.facebook.com\/newgreentec\/\" \/>\n<meta property=\"article:modified_time\" content=\"2025-02-17T13:02:35+00:00\" \/>\n<meta property=\"og:image\" content=\"https:\/\/newgreentec.com\/wp-content\/uploads\/2025\/01\/image023.jpg\" \/>\n\t<meta property=\"og:image:width\" content=\"605\" \/>\n\t<meta property=\"og:image:height\" content=\"454\" \/>\n\t<meta property=\"og:image:type\" content=\"image\/jpeg\" \/>\n<meta name=\"twitter:card\" content=\"summary_large_image\" \/>\n<meta name=\"twitter:label1\" content=\"Dur\u00e9e de lecture estim\u00e9e\" \/>\n\t<meta name=\"twitter:data1\" content=\"1 minute\" \/>\n<script type=\"application\/ld+json\" class=\"yoast-schema-graph\">{\"@context\":\"https:\/\/schema.org\",\"@graph\":[{\"@type\":\"WebPage\",\"@id\":\"https:\/\/newgreentec.com\/tripodpower\/\",\"url\":\"https:\/\/newgreentec.com\/tripodpower\/\",\"name\":\"TripodPower&trade; - NewGreenTec\",\"isPartOf\":{\"@id\":\"https:\/\/newgreentec.com\/#website\"},\"primaryImageOfPage\":{\"@id\":\"https:\/\/newgreentec.com\/tripodpower\/#primaryimage\"},\"image\":{\"@id\":\"https:\/\/newgreentec.com\/tripodpower\/#primaryimage\"},\"thumbnailUrl\":\"https:\/\/newgreentec.com\/wp-content\/uploads\/2025\/01\/image023.jpg\",\"datePublished\":\"2025-01-23T13:23:33+00:00\",\"dateModified\":\"2025-02-17T13:02:35+00:00\",\"breadcrumb\":{\"@id\":\"https:\/\/newgreentec.com\/tripodpower\/#breadcrumb\"},\"inLanguage\":\"fr-FR\",\"potentialAction\":[{\"@type\":\"ReadAction\",\"target\":[\"https:\/\/newgreentec.com\/tripodpower\/\"]}]},{\"@type\":\"ImageObject\",\"inLanguage\":\"fr-FR\",\"@id\":\"https:\/\/newgreentec.com\/tripodpower\/#primaryimage\",\"url\":\"https:\/\/newgreentec.com\/wp-content\/uploads\/2025\/01\/image023.jpg\",\"contentUrl\":\"https:\/\/newgreentec.com\/wp-content\/uploads\/2025\/01\/image023.jpg\"},{\"@type\":\"BreadcrumbList\",\"@id\":\"https:\/\/newgreentec.com\/tripodpower\/#breadcrumb\",\"itemListElement\":[{\"@type\":\"ListItem\",\"position\":1,\"name\":\"Startseite\",\"item\":\"https:\/\/newgreentec.com\/\"},{\"@type\":\"ListItem\",\"position\":2,\"name\":\"TripodPower&trade;\"}]},{\"@type\":\"WebSite\",\"@id\":\"https:\/\/newgreentec.com\/#website\",\"url\":\"https:\/\/newgreentec.com\/\",\"name\":\"NewGreenTec\",\"description\":\"\",\"publisher\":{\"@id\":\"https:\/\/newgreentec.com\/#organization\"},\"potentialAction\":[{\"@type\":\"SearchAction\",\"target\":{\"@type\":\"EntryPoint\",\"urlTemplate\":\"https:\/\/newgreentec.com\/?s={search_term_string}\"},\"query-input\":{\"@type\":\"PropertyValueSpecification\",\"valueRequired\":true,\"valueName\":\"search_term_string\"}}],\"inLanguage\":\"fr-FR\"},{\"@type\":\"Organization\",\"@id\":\"https:\/\/newgreentec.com\/#organization\",\"name\":\"NewGreenTec\",\"url\":\"https:\/\/newgreentec.com\/\",\"logo\":{\"@type\":\"ImageObject\",\"inLanguage\":\"fr-FR\",\"@id\":\"https:\/\/newgreentec.com\/#\/schema\/logo\/image\/\",\"url\":\"https:\/\/newgreentec.com\/wp-content\/uploads\/2024\/07\/NewGreenTec-logo-2560x2560-1.png\",\"contentUrl\":\"https:\/\/newgreentec.com\/wp-content\/uploads\/2024\/07\/NewGreenTec-logo-2560x2560-1.png\",\"width\":2560,\"height\":2560,\"caption\":\"NewGreenTec\"},\"image\":{\"@id\":\"https:\/\/newgreentec.com\/#\/schema\/logo\/image\/\"},\"sameAs\":[\"https:\/\/www.facebook.com\/newgreentec\/\",\"https:\/\/www.linkedin.com\/company\/newgreentec\/\"]}]}<\/script>\n<!-- \/ Yoast SEO plugin. -->","yoast_head_json":{"title":"TripodPower\u2122 - NewGreenTec","robots":{"index":"index","follow":"follow","max-snippet":"max-snippet:-1","max-image-preview":"max-image-preview:large","max-video-preview":"max-video-preview:-1"},"canonical":"https:\/\/newgreentec.com\/fr\/tripodpower\/","og_locale":"fr_FR","og_type":"article","og_title":"TripodPower&trade; - NewGreenTec","og_description":"TripodPower\u2122 ist ein ressourcenschonendes Kraftwerk, das Wind- und Solarenergie kombiniert. Es basiert auf einer dreibeinigen Holzkonstruktion, die mit massiven Natursteinen [&hellip;]","og_url":"https:\/\/newgreentec.com\/fr\/tripodpower\/","og_site_name":"NewGreenTec","article_publisher":"https:\/\/www.facebook.com\/newgreentec\/","article_modified_time":"2025-02-17T13:02:35+00:00","og_image":[{"width":605,"height":454,"url":"https:\/\/newgreentec.com\/wp-content\/uploads\/2025\/01\/image023.jpg","type":"image\/jpeg"}],"twitter_card":"summary_large_image","twitter_misc":{"Dur\u00e9e de lecture estim\u00e9e":"1 minute"},"schema":{"@context":"https:\/\/schema.org","@graph":[{"@type":"WebPage","@id":"https:\/\/newgreentec.com\/tripodpower\/","url":"https:\/\/newgreentec.com\/tripodpower\/","name":"TripodPower\u2122 - NewGreenTec","isPartOf":{"@id":"https:\/\/newgreentec.com\/#website"},"primaryImageOfPage":{"@id":"https:\/\/newgreentec.com\/tripodpower\/#primaryimage"},"image":{"@id":"https:\/\/newgreentec.com\/tripodpower\/#primaryimage"},"thumbnailUrl":"https:\/\/newgreentec.com\/wp-content\/uploads\/2025\/01\/image023.jpg","datePublished":"2025-01-23T13:23:33+00:00","dateModified":"2025-02-17T13:02:35+00:00","breadcrumb":{"@id":"https:\/\/newgreentec.com\/tripodpower\/#breadcrumb"},"inLanguage":"fr-FR","potentialAction":[{"@type":"ReadAction","target":["https:\/\/newgreentec.com\/tripodpower\/"]}]},{"@type":"ImageObject","inLanguage":"fr-FR","@id":"https:\/\/newgreentec.com\/tripodpower\/#primaryimage","url":"https:\/\/newgreentec.com\/wp-content\/uploads\/2025\/01\/image023.jpg","contentUrl":"https:\/\/newgreentec.com\/wp-content\/uploads\/2025\/01\/image023.jpg"},{"@type":"BreadcrumbList","@id":"https:\/\/newgreentec.com\/tripodpower\/#breadcrumb","itemListElement":[{"@type":"ListItem","position":1,"name":"Startseite","item":"https:\/\/newgreentec.com\/"},{"@type":"ListItem","position":2,"name":"TripodPower&trade;"}]},{"@type":"WebSite","@id":"https:\/\/newgreentec.com\/#website","url":"https:\/\/newgreentec.com\/","name":"NewGreenTec","description":"","publisher":{"@id":"https:\/\/newgreentec.com\/#organization"},"potentialAction":[{"@type":"SearchAction","target":{"@type":"EntryPoint","urlTemplate":"https:\/\/newgreentec.com\/?s={search_term_string}"},"query-input":{"@type":"PropertyValueSpecification","valueRequired":true,"valueName":"search_term_string"}}],"inLanguage":"fr-FR"},{"@type":"Organization","@id":"https:\/\/newgreentec.com\/#organization","name":"NewGreenTec","url":"https:\/\/newgreentec.com\/","logo":{"@type":"ImageObject","inLanguage":"fr-FR","@id":"https:\/\/newgreentec.com\/#\/schema\/logo\/image\/","url":"https:\/\/newgreentec.com\/wp-content\/uploads\/2024\/07\/NewGreenTec-logo-2560x2560-1.png","contentUrl":"https:\/\/newgreentec.com\/wp-content\/uploads\/2024\/07\/NewGreenTec-logo-2560x2560-1.png","width":2560,"height":2560,"caption":"NewGreenTec"},"image":{"@id":"https:\/\/newgreentec.com\/#\/schema\/logo\/image\/"},"sameAs":["https:\/\/www.facebook.com\/newgreentec\/","https:\/\/www.linkedin.com\/company\/newgreentec\/"]}]}},"_links":{"self":[{"href":"https:\/\/newgreentec.com\/fr\/wp-json\/wp\/v2\/pages\/2171","targetHints":{"allow":["GET"]}}],"collection":[{"href":"https:\/\/newgreentec.com\/fr\/wp-json\/wp\/v2\/pages"}],"about":[{"href":"https:\/\/newgreentec.com\/fr\/wp-json\/wp\/v2\/types\/page"}],"author":[{"embeddable":true,"href":"https:\/\/newgreentec.com\/fr\/wp-json\/wp\/v2\/users\/1"}],"replies":[{"embeddable":true,"href":"https:\/\/newgreentec.com\/fr\/wp-json\/wp\/v2\/comments?post=2171"}],"version-history":[{"count":0,"href":"https:\/\/newgreentec.com\/fr\/wp-json\/wp\/v2\/pages\/2171\/revisions"}],"wp:attachment":[{"href":"https:\/\/newgreentec.com\/fr\/wp-json\/wp\/v2\/media?parent=2171"}],"curies":[{"name":"wp","href":"https:\/\/api.w.org\/{rel}","templated":true}]}}