{"id":1636,"date":"2025-01-21T15:26:47","date_gmt":"2025-01-21T14:26:47","guid":{"rendered":"https:\/\/cms-webdesign.ch\/newgreentec\/?page_id=1636"},"modified":"2026-04-01T10:54:16","modified_gmt":"2026-04-01T08:54:16","slug":"squadra","status":"publish","type":"page","link":"https:\/\/newgreentec.com\/it\/team\/","title":{"rendered":"Squadra"},"content":{"rendered":"<div data-elementor-type=\"wp-page\" data-elementor-id=\"1636\" class=\"elementor elementor-1636\" data-elementor-post-type=\"page\">\n\t\t\t\t<div data-particle_enable=\"false\" data-particle-mobile-disabled=\"false\" class=\"elementor-element elementor-element-08f0f22 e-con-full e-flex e-con e-parent\" data-id=\"08f0f22\" data-element_type=\"container\" data-e-type=\"container\" data-settings=\"{&quot;background_background&quot;:&quot;classic&quot;}\">\n\t\t<div data-particle_enable=\"false\" data-particle-mobile-disabled=\"false\" class=\"elementor-element elementor-element-402733a e-flex e-con-boxed e-con e-child\" data-id=\"402733a\" data-element_type=\"container\" data-e-type=\"container\">\n\t\t\t\t\t<div class=\"e-con-inner\">\n\t\t\t\t\t<\/div>\n\t\t\t\t<\/div>\n\t\t\t\t<\/div>\n\t\t<div data-particle_enable=\"false\" data-particle-mobile-disabled=\"false\" class=\"elementor-element elementor-element-d0f1e2d e-flex e-con-boxed e-con e-parent\" data-id=\"d0f1e2d\" data-element_type=\"container\" data-e-type=\"container\">\n\t\t\t\t\t<div class=\"e-con-inner\">\n\t\t\t\t<div class=\"elementor-element elementor-element-e77ef1a elementor-widget elementor-widget-heading\" data-id=\"e77ef1a\" data-element_type=\"widget\" data-e-type=\"widget\" data-widget_type=\"heading.default\">\n\t\t\t\t<div class=\"elementor-widget-container\">\n\t\t\t\t\t<h1 class=\"elementor-heading-title elementor-size-default\">Squadra<\/h1>\t\t\t\t<\/div>\n\t\t\t\t<\/div>\n\t\t\t\t<div class=\"elementor-element elementor-element-d0505ca elementor-widget elementor-widget-text-editor\" data-id=\"d0505ca\" data-element_type=\"widget\" data-e-type=\"widget\" data-widget_type=\"text-editor.default\">\n\t\t\t\t<div class=\"elementor-widget-container\">\n\t\t\t\t\t\t\t\t\t<p>Il team di NewGreenTec \u00e8 composto da menti creative che amano sviluppare soluzioni tecniche innovative per un futuro sostenibile. Il nostro team porta con s\u00e9 anni di esperienza e competenze in vari settori, come l'ingegneria elettrica, l'ingegneria meccanica, lo sviluppo del prodotto, la finanza, il marketing, le vendite, la legge e la produzione.<\/p>\t\t\t\t\t\t\t\t<\/div>\n\t\t\t\t<\/div>\n\t\t\t\t\t<\/div>\n\t\t\t\t<\/div>\n\t\t<div data-particle_enable=\"false\" data-particle-mobile-disabled=\"false\" class=\"elementor-element elementor-element-4d78f5f e-flex e-con-boxed e-con e-parent\" data-id=\"4d78f5f\" data-element_type=\"container\" data-e-type=\"container\">\n\t\t\t\t\t<div class=\"e-con-inner\">\n\t\t<div data-particle_enable=\"false\" data-particle-mobile-disabled=\"false\" class=\"elementor-element elementor-element-c81458d e-con-full e-flex e-con e-child\" data-id=\"c81458d\" data-element_type=\"container\" data-e-type=\"container\" data-settings=\"{&quot;background_background&quot;:&quot;classic&quot;}\">\n\t\t<div data-particle_enable=\"false\" data-particle-mobile-disabled=\"false\" class=\"elementor-element elementor-element-89d0a6d e-grid e-con-full e-con e-child\" data-id=\"89d0a6d\" data-element_type=\"container\" data-e-type=\"container\">\n\t\t\t\t<div class=\"elementor-element elementor-element-944aa07 elementor-widget elementor-widget-icon-box\" data-id=\"944aa07\" data-element_type=\"widget\" data-e-type=\"widget\" data-widget_type=\"icon-box.default\">\n\t\t\t\t<div class=\"elementor-widget-container\">\n\t\t\t\t\t\t\t<div class=\"elementor-icon-box-wrapper\">\n\n\t\t\t\n\t\t\t\t\t\t<div class=\"elementor-icon-box-content\">\n\n\t\t\t\t\t\t\t\t\t<h3 class=\"elementor-icon-box-title\">\n\t\t\t\t\t\t<span  >\n\t\t\t\t\t\t\tFrido Stutz\t\t\t\t\t\t<\/span>\n\t\t\t\t\t<\/h3>\n\t\t\t\t\n\t\t\t\t\t\t\t\t\t<p class=\"elementor-icon-box-description\">\n\t\t\t\t\t\tImprenditore, capitano di volo, ingegnere di volo, CEO e fondatore di diverse start-up.\t\t\t\t\t<\/p>\n\t\t\t\t\n\t\t\t<\/div>\n\t\t\t\n\t\t<\/div>\n\t\t\t\t\t\t<\/div>\n\t\t\t\t<\/div>\n\t\t\t\t<div class=\"elementor-element elementor-element-79f2aad elementor-widget elementor-widget-icon-box\" data-id=\"79f2aad\" data-element_type=\"widget\" data-e-type=\"widget\" data-widget_type=\"icon-box.default\">\n\t\t\t\t<div class=\"elementor-widget-container\">\n\t\t\t\t\t\t\t<div class=\"elementor-icon-box-wrapper\">\n\n\t\t\t\n\t\t\t\t\t\t<div class=\"elementor-icon-box-content\">\n\n\t\t\t\t\t\t\t\t\t<h3 class=\"elementor-icon-box-title\">\n\t\t\t\t\t\t<span  >\n\t\t\t\t\t\t\tEdgar Schlenk\t\t\t\t\t\t<\/span>\n\t\t\t\t\t<\/h3>\n\t\t\t\t\n\t\t\t\t\t\t\t\t\t<p class=\"elementor-icon-box-description\">\n\t\t\t\t\t\tIngegneria\t\t\t\t\t<\/p>\n\t\t\t\t\n\t\t\t<\/div>\n\t\t\t\n\t\t<\/div>\n\t\t\t\t\t\t<\/div>\n\t\t\t\t<\/div>\n\t\t\t\t<div class=\"elementor-element elementor-element-34398a5 elementor-widget elementor-widget-icon-box\" data-id=\"34398a5\" data-element_type=\"widget\" data-e-type=\"widget\" data-widget_type=\"icon-box.default\">\n\t\t\t\t<div class=\"elementor-widget-container\">\n\t\t\t\t\t\t\t<div class=\"elementor-icon-box-wrapper\">\n\n\t\t\t\n\t\t\t\t\t\t<div class=\"elementor-icon-box-content\">\n\n\t\t\t\t\t\t\t\t\t<h3 class=\"elementor-icon-box-title\">\n\t\t\t\t\t\t<span  >\n\t\t\t\t\t\t\tLucas Laely\t\t\t\t\t\t<\/span>\n\t\t\t\t\t<\/h3>\n\t\t\t\t\n\t\t\t\t\t\t\t\t\t<p class=\"elementor-icon-box-description\">\n\t\t\t\t\t\tResponsabile di progetto\t\t\t\t\t<\/p>\n\t\t\t\t\n\t\t\t<\/div>\n\t\t\t\n\t\t<\/div>\n\t\t\t\t\t\t<\/div>\n\t\t\t\t<\/div>\n\t\t\t\t<div class=\"elementor-element elementor-element-5a9db38 elementor-widget elementor-widget-icon-box\" data-id=\"5a9db38\" data-element_type=\"widget\" data-e-type=\"widget\" data-widget_type=\"icon-box.default\">\n\t\t\t\t<div class=\"elementor-widget-container\">\n\t\t\t\t\t\t\t<div class=\"elementor-icon-box-wrapper\">\n\n\t\t\t\n\t\t\t\t\t\t<div class=\"elementor-icon-box-content\">\n\n\t\t\t\t\t\t\t\t\t<h3 class=\"elementor-icon-box-title\">\n\t\t\t\t\t\t<span  >\n\t\t\t\t\t\t\tChristoph Sele\t\t\t\t\t\t<\/span>\n\t\t\t\t\t<\/h3>\n\t\t\t\t\n\t\t\t\t\t\t\t\t\t<p class=\"elementor-icon-box-description\">\n\t\t\t\t\t\tResponsabile Ricerca e Sviluppo \/ Elettronica\t\t\t\t\t<\/p>\n\t\t\t\t\n\t\t\t<\/div>\n\t\t\t\n\t\t<\/div>\n\t\t\t\t\t\t<\/div>\n\t\t\t\t<\/div>\n\t\t\t\t<div class=\"elementor-element elementor-element-60fd299 elementor-widget elementor-widget-icon-box\" data-id=\"60fd299\" data-element_type=\"widget\" data-e-type=\"widget\" data-widget_type=\"icon-box.default\">\n\t\t\t\t<div class=\"elementor-widget-container\">\n\t\t\t\t\t\t\t<div class=\"elementor-icon-box-wrapper\">\n\n\t\t\t\n\t\t\t\t\t\t<div class=\"elementor-icon-box-content\">\n\n\t\t\t\t\t\t\t\t\t<h3 class=\"elementor-icon-box-title\">\n\t\t\t\t\t\t<span  >\n\t\t\t\t\t\t\tWalter Isotton\t\t\t\t\t\t<\/span>\n\t\t\t\t\t<\/h3>\n\t\t\t\t\n\t\t\t\t\t\t\t\t\t<p class=\"elementor-icon-box-description\">\n\t\t\t\t\t\tIngegneria elettrica e documentazione\t\t\t\t\t<\/p>\n\t\t\t\t\n\t\t\t<\/div>\n\t\t\t\n\t\t<\/div>\n\t\t\t\t\t\t<\/div>\n\t\t\t\t<\/div>\n\t\t\t\t<div class=\"elementor-element elementor-element-754fc31 elementor-widget elementor-widget-icon-box\" data-id=\"754fc31\" data-element_type=\"widget\" data-e-type=\"widget\" data-widget_type=\"icon-box.default\">\n\t\t\t\t<div class=\"elementor-widget-container\">\n\t\t\t\t\t\t\t<div class=\"elementor-icon-box-wrapper\">\n\n\t\t\t\n\t\t\t\t\t\t<div class=\"elementor-icon-box-content\">\n\n\t\t\t\t\t\t\t\t\t<h3 class=\"elementor-icon-box-title\">\n\t\t\t\t\t\t<span  >\n\t\t\t\t\t\t\tKim Leo Stutz\t\t\t\t\t\t<\/span>\n\t\t\t\t\t<\/h3>\n\t\t\t\t\n\t\t\t\t\t\t\t\t\t<p class=\"elementor-icon-box-description\">\n\t\t\t\t\t\tFinanza, marketing e vendite\t\t\t\t\t<\/p>\n\t\t\t\t\n\t\t\t<\/div>\n\t\t\t\n\t\t<\/div>\n\t\t\t\t\t\t<\/div>\n\t\t\t\t<\/div>\n\t\t\t\t<\/div>\n\t\t\t\t<\/div>\n\t\t\t\t\t<\/div>\n\t\t\t\t<\/div>\n\t\t\t\t<\/div>","protected":false},"excerpt":{"rendered":"<p>Team Das NewGreenTec-Team besteht aus kreativen K\u00f6pfen, die Freude an der Entwicklung von innovativen technischen L\u00f6sungen f\u00fcr eine nachhaltige Zukunft [&hellip;]<\/p>\n","protected":false},"author":1,"featured_media":0,"parent":0,"menu_order":0,"comment_status":"closed","ping_status":"closed","template":"elementor_header_footer","meta":{"site-sidebar-layout":"no-sidebar","site-content-layout":"plain-container","ast-site-content-layout":"full-width-container","site-content-style":"default","site-sidebar-style":"default","ast-global-header-display":"","ast-banner-title-visibility":"","ast-main-header-display":"","ast-hfb-above-header-display":"","ast-hfb-below-header-display":"","ast-hfb-mobile-header-display":"","site-post-title":"disabled","ast-breadcrumbs-content":"","ast-featured-img":"disabled","footer-sml-layout":"","ast-disable-related-posts":"","theme-transparent-header-meta":"disabled","adv-header-id-meta":"","stick-header-meta":"enabled","header-above-stick-meta":"","header-main-stick-meta":"","header-below-stick-meta":"","astra-migrate-meta-layouts":"set","ast-page-background-enabled":"default","ast-page-background-meta":{"desktop":{"background-color":"var(--ast-global-color-4)","background-image":"","background-repeat":"repeat","background-position":"center center","background-size":"auto","background-attachment":"scroll","background-type":"","background-media":"","overlay-type":"","overlay-color":"","overlay-opacity":"","overlay-gradient":""},"tablet":{"background-color":"","background-image":"","background-repeat":"repeat","background-position":"center center","background-size":"auto","background-attachment":"scroll","background-type":"","background-media":"","overlay-type":"","overlay-color":"","overlay-opacity":"","overlay-gradient":""},"mobile":{"background-color":"","background-image":"","background-repeat":"repeat","background-position":"center center","background-size":"auto","background-attachment":"scroll","background-type":"","background-media":"","overlay-type":"","overlay-color":"","overlay-opacity":"","overlay-gradient":""}},"ast-content-background-meta":{"desktop":{"background-color":"var(--ast-global-color-5)","background-image":"","background-repeat":"repeat","background-position":"center center","background-size":"auto","background-attachment":"scroll","background-type":"","background-media":"","overlay-type":"","overlay-color":"","overlay-opacity":"","overlay-gradient":""},"tablet":{"background-color":"var(--ast-global-color-5)","background-image":"","background-repeat":"repeat","background-position":"center center","background-size":"auto","background-attachment":"scroll","background-type":"","background-media":"","overlay-type":"","overlay-color":"","overlay-opacity":"","overlay-gradient":""},"mobile":{"background-color":"var(--ast-global-color-5)","background-image":"","background-repeat":"repeat","background-position":"center center","background-size":"auto","background-attachment":"scroll","background-type":"","background-media":"","overlay-type":"","overlay-color":"","overlay-opacity":"","overlay-gradient":""}},"footnotes":""},"class_list":["post-1636","page","type-page","status-publish","hentry"],"yoast_head":"<!-- This site is optimized with the Yoast SEO plugin v27.4 - https:\/\/yoast.com\/product\/yoast-seo-wordpress\/ -->\n<title>Team - NewGreenTec<\/title>\n<meta name=\"robots\" content=\"index, follow, max-snippet:-1, max-image-preview:large, max-video-preview:-1\" \/>\n<link rel=\"canonical\" href=\"https:\/\/newgreentec.com\/it\/squadra\/\" \/>\n<meta property=\"og:locale\" content=\"it_IT\" \/>\n<meta property=\"og:type\" content=\"article\" \/>\n<meta property=\"og:title\" content=\"Team - NewGreenTec\" \/>\n<meta property=\"og:description\" content=\"Team Das NewGreenTec-Team besteht aus kreativen K\u00f6pfen, die Freude an der Entwicklung von innovativen technischen L\u00f6sungen f\u00fcr eine nachhaltige Zukunft [&hellip;]\" \/>\n<meta property=\"og:url\" content=\"https:\/\/newgreentec.com\/it\/squadra\/\" \/>\n<meta property=\"og:site_name\" content=\"NewGreenTec\" \/>\n<meta property=\"article:publisher\" content=\"https:\/\/www.facebook.com\/newgreentec\/\" \/>\n<meta property=\"article:modified_time\" content=\"2026-04-01T08:54:16+00:00\" \/>\n<meta name=\"twitter:card\" content=\"summary_large_image\" \/>\n<meta name=\"twitter:label1\" content=\"Tempo di lettura stimato\" \/>\n\t<meta name=\"twitter:data1\" content=\"1 minuto\" \/>\n<script type=\"application\/ld+json\" class=\"yoast-schema-graph\">{\"@context\":\"https:\\\/\\\/schema.org\",\"@graph\":[{\"@type\":\"WebPage\",\"@id\":\"https:\\\/\\\/newgreentec.com\\\/team\\\/\",\"url\":\"https:\\\/\\\/newgreentec.com\\\/team\\\/\",\"name\":\"Team - NewGreenTec\",\"isPartOf\":{\"@id\":\"https:\\\/\\\/newgreentec.com\\\/#website\"},\"datePublished\":\"2025-01-21T14:26:47+00:00\",\"dateModified\":\"2026-04-01T08:54:16+00:00\",\"breadcrumb\":{\"@id\":\"https:\\\/\\\/newgreentec.com\\\/team\\\/#breadcrumb\"},\"inLanguage\":\"it-IT\",\"potentialAction\":[{\"@type\":\"ReadAction\",\"target\":[\"https:\\\/\\\/newgreentec.com\\\/team\\\/\"]}]},{\"@type\":\"BreadcrumbList\",\"@id\":\"https:\\\/\\\/newgreentec.com\\\/team\\\/#breadcrumb\",\"itemListElement\":[{\"@type\":\"ListItem\",\"position\":1,\"name\":\"Startseite\",\"item\":\"https:\\\/\\\/newgreentec.com\\\/\"},{\"@type\":\"ListItem\",\"position\":2,\"name\":\"Team\"}]},{\"@type\":\"WebSite\",\"@id\":\"https:\\\/\\\/newgreentec.com\\\/#website\",\"url\":\"https:\\\/\\\/newgreentec.com\\\/\",\"name\":\"NewGreenTec\",\"description\":\"\",\"publisher\":{\"@id\":\"https:\\\/\\\/newgreentec.com\\\/#organization\"},\"potentialAction\":[{\"@type\":\"SearchAction\",\"target\":{\"@type\":\"EntryPoint\",\"urlTemplate\":\"https:\\\/\\\/newgreentec.com\\\/?s={search_term_string}\"},\"query-input\":{\"@type\":\"PropertyValueSpecification\",\"valueRequired\":true,\"valueName\":\"search_term_string\"}}],\"inLanguage\":\"it-IT\"},{\"@type\":\"Organization\",\"@id\":\"https:\\\/\\\/newgreentec.com\\\/#organization\",\"name\":\"NewGreenTec\",\"url\":\"https:\\\/\\\/newgreentec.com\\\/\",\"logo\":{\"@type\":\"ImageObject\",\"inLanguage\":\"it-IT\",\"@id\":\"https:\\\/\\\/newgreentec.com\\\/#\\\/schema\\\/logo\\\/image\\\/\",\"url\":\"https:\\\/\\\/newgreentec.com\\\/wp-content\\\/uploads\\\/2024\\\/07\\\/NewGreenTec-logo-2560x2560-1.png\",\"contentUrl\":\"https:\\\/\\\/newgreentec.com\\\/wp-content\\\/uploads\\\/2024\\\/07\\\/NewGreenTec-logo-2560x2560-1.png\",\"width\":2560,\"height\":2560,\"caption\":\"NewGreenTec\"},\"image\":{\"@id\":\"https:\\\/\\\/newgreentec.com\\\/#\\\/schema\\\/logo\\\/image\\\/\"},\"sameAs\":[\"https:\\\/\\\/www.facebook.com\\\/newgreentec\\\/\",\"https:\\\/\\\/www.linkedin.com\\\/company\\\/newgreentec\\\/\"]}]}<\/script>\n<!-- \/ Yoast SEO plugin. -->","yoast_head_json":{"title":"Team - NewGreenTec","robots":{"index":"index","follow":"follow","max-snippet":"max-snippet:-1","max-image-preview":"max-image-preview:large","max-video-preview":"max-video-preview:-1"},"canonical":"https:\/\/newgreentec.com\/it\/squadra\/","og_locale":"it_IT","og_type":"article","og_title":"Team - NewGreenTec","og_description":"Team Das NewGreenTec-Team besteht aus kreativen K\u00f6pfen, die Freude an der Entwicklung von innovativen technischen L\u00f6sungen f\u00fcr eine nachhaltige Zukunft [&hellip;]","og_url":"https:\/\/newgreentec.com\/it\/squadra\/","og_site_name":"NewGreenTec","article_publisher":"https:\/\/www.facebook.com\/newgreentec\/","article_modified_time":"2026-04-01T08:54:16+00:00","twitter_card":"summary_large_image","twitter_misc":{"Tempo di lettura stimato":"1 minuto"},"schema":{"@context":"https:\/\/schema.org","@graph":[{"@type":"WebPage","@id":"https:\/\/newgreentec.com\/team\/","url":"https:\/\/newgreentec.com\/team\/","name":"Team - NewGreenTec","isPartOf":{"@id":"https:\/\/newgreentec.com\/#website"},"datePublished":"2025-01-21T14:26:47+00:00","dateModified":"2026-04-01T08:54:16+00:00","breadcrumb":{"@id":"https:\/\/newgreentec.com\/team\/#breadcrumb"},"inLanguage":"it-IT","potentialAction":[{"@type":"ReadAction","target":["https:\/\/newgreentec.com\/team\/"]}]},{"@type":"BreadcrumbList","@id":"https:\/\/newgreentec.com\/team\/#breadcrumb","itemListElement":[{"@type":"ListItem","position":1,"name":"Startseite","item":"https:\/\/newgreentec.com\/"},{"@type":"ListItem","position":2,"name":"Team"}]},{"@type":"WebSite","@id":"https:\/\/newgreentec.com\/#website","url":"https:\/\/newgreentec.com\/","name":"NewGreenTec","description":"","publisher":{"@id":"https:\/\/newgreentec.com\/#organization"},"potentialAction":[{"@type":"SearchAction","target":{"@type":"EntryPoint","urlTemplate":"https:\/\/newgreentec.com\/?s={search_term_string}"},"query-input":{"@type":"PropertyValueSpecification","valueRequired":true,"valueName":"search_term_string"}}],"inLanguage":"it-IT"},{"@type":"Organization","@id":"https:\/\/newgreentec.com\/#organization","name":"NewGreenTec","url":"https:\/\/newgreentec.com\/","logo":{"@type":"ImageObject","inLanguage":"it-IT","@id":"https:\/\/newgreentec.com\/#\/schema\/logo\/image\/","url":"https:\/\/newgreentec.com\/wp-content\/uploads\/2024\/07\/NewGreenTec-logo-2560x2560-1.png","contentUrl":"https:\/\/newgreentec.com\/wp-content\/uploads\/2024\/07\/NewGreenTec-logo-2560x2560-1.png","width":2560,"height":2560,"caption":"NewGreenTec"},"image":{"@id":"https:\/\/newgreentec.com\/#\/schema\/logo\/image\/"},"sameAs":["https:\/\/www.facebook.com\/newgreentec\/","https:\/\/www.linkedin.com\/company\/newgreentec\/"]}]}},"_links":{"self":[{"href":"https:\/\/newgreentec.com\/it\/wp-json\/wp\/v2\/pages\/1636","targetHints":{"allow":["GET"]}}],"collection":[{"href":"https:\/\/newgreentec.com\/it\/wp-json\/wp\/v2\/pages"}],"about":[{"href":"https:\/\/newgreentec.com\/it\/wp-json\/wp\/v2\/types\/page"}],"author":[{"embeddable":true,"href":"https:\/\/newgreentec.com\/it\/wp-json\/wp\/v2\/users\/1"}],"replies":[{"embeddable":true,"href":"https:\/\/newgreentec.com\/it\/wp-json\/wp\/v2\/comments?post=1636"}],"version-history":[{"count":11,"href":"https:\/\/newgreentec.com\/it\/wp-json\/wp\/v2\/pages\/1636\/revisions"}],"predecessor-version":[{"id":6931,"href":"https:\/\/newgreentec.com\/it\/wp-json\/wp\/v2\/pages\/1636\/revisions\/6931"}],"wp:attachment":[{"href":"https:\/\/newgreentec.com\/it\/wp-json\/wp\/v2\/media?parent=1636"}],"curies":[{"name":"wp","href":"https:\/\/api.w.org\/{rel}","templated":true}]}}