{"id":5825,"date":"2025-02-18T11:31:43","date_gmt":"2025-02-18T10:31:43","guid":{"rendered":"https:\/\/cms-webdesign.ch\/newgreentec\/?page_id=5825"},"modified":"2025-07-03T16:25:18","modified_gmt":"2025-07-03T14:25:18","slug":"impronta","status":"publish","type":"page","link":"https:\/\/newgreentec.com\/it\/impressum\/","title":{"rendered":"Impronta"},"content":{"rendered":"<div data-elementor-type=\"wp-page\" data-elementor-id=\"5825\" class=\"elementor elementor-5825\" data-elementor-post-type=\"page\">\n\t\t\t\t<div data-particle_enable=\"false\" data-particle-mobile-disabled=\"false\" class=\"elementor-element elementor-element-aa3603b e-con-full e-flex e-con e-parent\" data-id=\"aa3603b\" data-element_type=\"container\" data-e-type=\"container\" data-settings=\"{&quot;background_background&quot;:&quot;classic&quot;}\">\n\t\t\t\t<\/div>\n\t\t<div data-particle_enable=\"false\" data-particle-mobile-disabled=\"false\" class=\"elementor-element elementor-element-67164cf e-flex e-con-boxed e-con e-parent\" data-id=\"67164cf\" data-element_type=\"container\" data-e-type=\"container\" data-settings=\"{&quot;background_background&quot;:&quot;gradient&quot;}\">\n\t\t\t\t\t<div class=\"e-con-inner\">\n\t\t\t\t<div class=\"elementor-element elementor-element-b5c9c3a elementor-widget__width-inherit elementor-widget elementor-widget-heading\" data-id=\"b5c9c3a\" data-element_type=\"widget\" data-e-type=\"widget\" data-widget_type=\"heading.default\">\n\t\t\t\t<div class=\"elementor-widget-container\">\n\t\t\t\t\t<h1 class=\"elementor-heading-title elementor-size-default\">Impronta<\/h1>\t\t\t\t<\/div>\n\t\t\t\t<\/div>\n\t\t\t\t\t<\/div>\n\t\t\t\t<\/div>\n\t\t<div data-particle_enable=\"false\" data-particle-mobile-disabled=\"false\" class=\"elementor-element elementor-element-a894c44 e-flex e-con-boxed e-con e-parent\" data-id=\"a894c44\" data-element_type=\"container\" data-e-type=\"container\" data-settings=\"{&quot;background_background&quot;:&quot;classic&quot;}\">\n\t\t\t\t\t<div class=\"e-con-inner\">\n\t\t<div data-particle_enable=\"false\" data-particle-mobile-disabled=\"false\" class=\"elementor-element elementor-element-e9260c1 e-con-full e-flex e-con e-child\" data-id=\"e9260c1\" data-element_type=\"container\" data-e-type=\"container\" data-settings=\"{&quot;background_background&quot;:&quot;classic&quot;}\">\n\t\t\t\t<div class=\"elementor-element elementor-element-50ee956 elementor-widget elementor-widget-text-editor\" data-id=\"50ee956\" data-element_type=\"widget\" data-e-type=\"widget\" data-widget_type=\"text-editor.default\">\n\t\t\t\t<div class=\"elementor-widget-container\">\n\t\t\t\t\t\t\t\t\t<p>NewGreenTec International AG<br \/>Lindenstrasse 25<br \/>8302 Kloten<\/p><p>+41 44 666 86 00<\/p><p>info@newgreentec.com<\/p><p>N. registro commerciale: CHE-179.918.648<\/p><p>Numero di partita IVA: CHE-179.918.648<\/p>\t\t\t\t\t\t\t\t<\/div>\n\t\t\t\t<\/div>\n\t\t\t\t<div class=\"elementor-element elementor-element-cb66ddc elementor-widget elementor-widget-text-editor\" data-id=\"cb66ddc\" data-element_type=\"widget\" data-e-type=\"widget\" data-widget_type=\"text-editor.default\">\n\t\t\t\t<div class=\"elementor-widget-container\">\n\t\t\t\t\t\t\t\t\t<h4>Concetto e design<\/h4>\n<p>Il concetto e il design sono stati realizzati da Masterhomepage GmbH.<\/p><p><br><\/p>\n<h4>Copyright<\/h4>\n<p>Il copyright del concetto, delle immagini\/foto e del contenuto testuale \u00e8 di NewGreenTec International AG. Diverse immagini sono state utilizzate da Freepik, Pixabay e Pexels.<\/p><p><br><\/p>\n<h4>Limitazione di responsabilit\u00e0<\/h4>\n<p>Utilizzando questo sito web, accettate i seguenti termini e condizioni. Abbiamo creato questo sito web con la massima cura possibile. Tuttavia, non ci assumiamo alcuna responsabilit\u00e0 per la correttezza, la completezza, l'accuratezza e l'attualit\u00e0 dei contenuti forniti su questo sito. Non ci assumiamo inoltre alcuna responsabilit\u00e0 per la qualit\u00e0 dei contenuti trasmessi o scaricati tramite questo sito. Ci riserviamo il diritto di modificare, integrare o cancellare parti del sito o l'intero sito senza preavviso. Tutti i contenuti pubblicati su questo sito web sono soggetti a diritti d'autore e diritti di protezione. I contenuti di questo sito web possono essere utilizzati solo previo consenso scritto e con riferimento al copyright. Ci\u00f2 vale in particolare per la duplicazione, la modifica, la traduzione, la memorizzazione, l'elaborazione o la riproduzione di contenuti in banche dati o altri supporti e sistemi elettronici. I contenuti e i diritti di terzi sono contrassegnati come tali.<\/p><p><br><\/p>\n<h4>Collegamenti esterni<\/h4>\n<p>Questo sito web contiene collegamenti a \"link esterni\" (siti web di terzi). Questi siti web sono soggetti alla responsabilit\u00e0 dei rispettivi gestori. Non abbiamo alcuna influenza sul design e sui contenuti attuali e futuri delle pagine collegate e i relativi link esterni saranno cancellati immediatamente qualora venissimo a conoscenza di eventuali violazioni di legge. Gli utenti dei link esterni devono essere consapevoli che i gestori dei siti web collegati possono registrare e raccogliere dati personali (comprese le informazioni generate attraverso l'uso di cookie) non appena i loro siti web vengono visitati. Non ci assumiamo alcuna responsabilit\u00e0 per il modo in cui tali operatori raccolgono, utilizzano o divulgano i dati personali.<\/p>\t\t\t\t\t\t\t\t<\/div>\n\t\t\t\t<\/div>\n\t\t\t\t<\/div>\n\t\t\t\t\t<\/div>\n\t\t\t\t<\/div>\n\t\t\t\t<\/div>","protected":false},"excerpt":{"rendered":"<p>Impressum NewGreenTec International AGLindenstrasse 258302 Kloten +41 44 666 86 00 info@newgreentec.com Handelsregister Nr: CHE-179.918.648 MwSt-Nr:\u00a0CHE-179.918.648 Konzept &amp; Design Das [&hellip;]<\/p>\n","protected":false},"author":1,"featured_media":0,"parent":0,"menu_order":0,"comment_status":"closed","ping_status":"closed","template":"elementor_header_footer","meta":{"site-sidebar-layout":"no-sidebar","site-content-layout":"plain-container","ast-site-content-layout":"full-width-container","site-content-style":"default","site-sidebar-style":"default","ast-global-header-display":"","ast-banner-title-visibility":"","ast-main-header-display":"","ast-hfb-above-header-display":"","ast-hfb-below-header-display":"","ast-hfb-mobile-header-display":"","site-post-title":"disabled","ast-breadcrumbs-content":"","ast-featured-img":"disabled","footer-sml-layout":"","ast-disable-related-posts":"","theme-transparent-header-meta":"disabled","adv-header-id-meta":"","stick-header-meta":"enabled","header-above-stick-meta":"","header-main-stick-meta":"","header-below-stick-meta":"","astra-migrate-meta-layouts":"default","ast-page-background-enabled":"default","ast-page-background-meta":{"desktop":{"background-color":"var(--ast-global-color-4)","background-image":"","background-repeat":"repeat","background-position":"center center","background-size":"auto","background-attachment":"scroll","background-type":"","background-media":"","overlay-type":"","overlay-color":"","overlay-opacity":"","overlay-gradient":""},"tablet":{"background-color":"","background-image":"","background-repeat":"repeat","background-position":"center center","background-size":"auto","background-attachment":"scroll","background-type":"","background-media":"","overlay-type":"","overlay-color":"","overlay-opacity":"","overlay-gradient":""},"mobile":{"background-color":"","background-image":"","background-repeat":"repeat","background-position":"center center","background-size":"auto","background-attachment":"scroll","background-type":"","background-media":"","overlay-type":"","overlay-color":"","overlay-opacity":"","overlay-gradient":""}},"ast-content-background-meta":{"desktop":{"background-color":"var(--ast-global-color-5)","background-image":"","background-repeat":"repeat","background-position":"center center","background-size":"auto","background-attachment":"scroll","background-type":"","background-media":"","overlay-type":"","overlay-color":"","overlay-opacity":"","overlay-gradient":""},"tablet":{"background-color":"var(--ast-global-color-5)","background-image":"","background-repeat":"repeat","background-position":"center center","background-size":"auto","background-attachment":"scroll","background-type":"","background-media":"","overlay-type":"","overlay-color":"","overlay-opacity":"","overlay-gradient":""},"mobile":{"background-color":"var(--ast-global-color-5)","background-image":"","background-repeat":"repeat","background-position":"center center","background-size":"auto","background-attachment":"scroll","background-type":"","background-media":"","overlay-type":"","overlay-color":"","overlay-opacity":"","overlay-gradient":""}},"footnotes":""},"class_list":["post-5825","page","type-page","status-publish","hentry"],"yoast_head":"<!-- This site is optimized with the Yoast SEO plugin v27.4 - https:\/\/yoast.com\/product\/yoast-seo-wordpress\/ -->\n<title>Impressum - NewGreenTec<\/title>\n<meta name=\"robots\" content=\"index, follow, max-snippet:-1, max-image-preview:large, max-video-preview:-1\" \/>\n<link rel=\"canonical\" href=\"https:\/\/newgreentec.com\/it\/impronta\/\" \/>\n<meta property=\"og:locale\" content=\"it_IT\" \/>\n<meta property=\"og:type\" content=\"article\" \/>\n<meta property=\"og:title\" content=\"Impressum - NewGreenTec\" \/>\n<meta property=\"og:description\" content=\"Impressum NewGreenTec International AGLindenstrasse 258302 Kloten +41 44 666 86 00 info@newgreentec.com Handelsregister Nr: CHE-179.918.648 MwSt-Nr:\u00a0CHE-179.918.648 Konzept &amp; Design Das [&hellip;]\" \/>\n<meta property=\"og:url\" content=\"https:\/\/newgreentec.com\/it\/impronta\/\" \/>\n<meta property=\"og:site_name\" content=\"NewGreenTec\" \/>\n<meta property=\"article:publisher\" content=\"https:\/\/www.facebook.com\/newgreentec\/\" \/>\n<meta property=\"article:modified_time\" content=\"2025-07-03T14:25:18+00:00\" \/>\n<meta name=\"twitter:card\" content=\"summary_large_image\" \/>\n<meta name=\"twitter:label1\" content=\"Tempo di lettura stimato\" \/>\n\t<meta name=\"twitter:data1\" content=\"2 minuti\" \/>\n<script type=\"application\/ld+json\" class=\"yoast-schema-graph\">{\"@context\":\"https:\\\/\\\/schema.org\",\"@graph\":[{\"@type\":\"WebPage\",\"@id\":\"https:\\\/\\\/newgreentec.com\\\/impressum\\\/\",\"url\":\"https:\\\/\\\/newgreentec.com\\\/impressum\\\/\",\"name\":\"Impressum - NewGreenTec\",\"isPartOf\":{\"@id\":\"https:\\\/\\\/newgreentec.com\\\/#website\"},\"datePublished\":\"2025-02-18T10:31:43+00:00\",\"dateModified\":\"2025-07-03T14:25:18+00:00\",\"breadcrumb\":{\"@id\":\"https:\\\/\\\/newgreentec.com\\\/impressum\\\/#breadcrumb\"},\"inLanguage\":\"it-IT\",\"potentialAction\":[{\"@type\":\"ReadAction\",\"target\":[\"https:\\\/\\\/newgreentec.com\\\/impressum\\\/\"]}]},{\"@type\":\"BreadcrumbList\",\"@id\":\"https:\\\/\\\/newgreentec.com\\\/impressum\\\/#breadcrumb\",\"itemListElement\":[{\"@type\":\"ListItem\",\"position\":1,\"name\":\"Startseite\",\"item\":\"https:\\\/\\\/newgreentec.com\\\/\"},{\"@type\":\"ListItem\",\"position\":2,\"name\":\"Impressum\"}]},{\"@type\":\"WebSite\",\"@id\":\"https:\\\/\\\/newgreentec.com\\\/#website\",\"url\":\"https:\\\/\\\/newgreentec.com\\\/\",\"name\":\"NewGreenTec\",\"description\":\"\",\"publisher\":{\"@id\":\"https:\\\/\\\/newgreentec.com\\\/#organization\"},\"potentialAction\":[{\"@type\":\"SearchAction\",\"target\":{\"@type\":\"EntryPoint\",\"urlTemplate\":\"https:\\\/\\\/newgreentec.com\\\/?s={search_term_string}\"},\"query-input\":{\"@type\":\"PropertyValueSpecification\",\"valueRequired\":true,\"valueName\":\"search_term_string\"}}],\"inLanguage\":\"it-IT\"},{\"@type\":\"Organization\",\"@id\":\"https:\\\/\\\/newgreentec.com\\\/#organization\",\"name\":\"NewGreenTec\",\"url\":\"https:\\\/\\\/newgreentec.com\\\/\",\"logo\":{\"@type\":\"ImageObject\",\"inLanguage\":\"it-IT\",\"@id\":\"https:\\\/\\\/newgreentec.com\\\/#\\\/schema\\\/logo\\\/image\\\/\",\"url\":\"https:\\\/\\\/newgreentec.com\\\/wp-content\\\/uploads\\\/2024\\\/07\\\/NewGreenTec-logo-2560x2560-1.png\",\"contentUrl\":\"https:\\\/\\\/newgreentec.com\\\/wp-content\\\/uploads\\\/2024\\\/07\\\/NewGreenTec-logo-2560x2560-1.png\",\"width\":2560,\"height\":2560,\"caption\":\"NewGreenTec\"},\"image\":{\"@id\":\"https:\\\/\\\/newgreentec.com\\\/#\\\/schema\\\/logo\\\/image\\\/\"},\"sameAs\":[\"https:\\\/\\\/www.facebook.com\\\/newgreentec\\\/\",\"https:\\\/\\\/www.linkedin.com\\\/company\\\/newgreentec\\\/\"]}]}<\/script>\n<!-- \/ Yoast SEO plugin. -->","yoast_head_json":{"title":"Impronta - NewGreenTec","robots":{"index":"index","follow":"follow","max-snippet":"max-snippet:-1","max-image-preview":"max-image-preview:large","max-video-preview":"max-video-preview:-1"},"canonical":"https:\/\/newgreentec.com\/it\/impronta\/","og_locale":"it_IT","og_type":"article","og_title":"Impressum - NewGreenTec","og_description":"Impressum NewGreenTec International AGLindenstrasse 258302 Kloten +41 44 666 86 00 info@newgreentec.com Handelsregister Nr: CHE-179.918.648 MwSt-Nr:\u00a0CHE-179.918.648 Konzept &amp; Design Das [&hellip;]","og_url":"https:\/\/newgreentec.com\/it\/impronta\/","og_site_name":"NewGreenTec","article_publisher":"https:\/\/www.facebook.com\/newgreentec\/","article_modified_time":"2025-07-03T14:25:18+00:00","twitter_card":"summary_large_image","twitter_misc":{"Tempo di lettura stimato":"2 minuti"},"schema":{"@context":"https:\/\/schema.org","@graph":[{"@type":"WebPage","@id":"https:\/\/newgreentec.com\/impressum\/","url":"https:\/\/newgreentec.com\/impressum\/","name":"Impronta - NewGreenTec","isPartOf":{"@id":"https:\/\/newgreentec.com\/#website"},"datePublished":"2025-02-18T10:31:43+00:00","dateModified":"2025-07-03T14:25:18+00:00","breadcrumb":{"@id":"https:\/\/newgreentec.com\/impressum\/#breadcrumb"},"inLanguage":"it-IT","potentialAction":[{"@type":"ReadAction","target":["https:\/\/newgreentec.com\/impressum\/"]}]},{"@type":"BreadcrumbList","@id":"https:\/\/newgreentec.com\/impressum\/#breadcrumb","itemListElement":[{"@type":"ListItem","position":1,"name":"Startseite","item":"https:\/\/newgreentec.com\/"},{"@type":"ListItem","position":2,"name":"Impressum"}]},{"@type":"WebSite","@id":"https:\/\/newgreentec.com\/#website","url":"https:\/\/newgreentec.com\/","name":"NewGreenTec","description":"","publisher":{"@id":"https:\/\/newgreentec.com\/#organization"},"potentialAction":[{"@type":"SearchAction","target":{"@type":"EntryPoint","urlTemplate":"https:\/\/newgreentec.com\/?s={search_term_string}"},"query-input":{"@type":"PropertyValueSpecification","valueRequired":true,"valueName":"search_term_string"}}],"inLanguage":"it-IT"},{"@type":"Organization","@id":"https:\/\/newgreentec.com\/#organization","name":"NewGreenTec","url":"https:\/\/newgreentec.com\/","logo":{"@type":"ImageObject","inLanguage":"it-IT","@id":"https:\/\/newgreentec.com\/#\/schema\/logo\/image\/","url":"https:\/\/newgreentec.com\/wp-content\/uploads\/2024\/07\/NewGreenTec-logo-2560x2560-1.png","contentUrl":"https:\/\/newgreentec.com\/wp-content\/uploads\/2024\/07\/NewGreenTec-logo-2560x2560-1.png","width":2560,"height":2560,"caption":"NewGreenTec"},"image":{"@id":"https:\/\/newgreentec.com\/#\/schema\/logo\/image\/"},"sameAs":["https:\/\/www.facebook.com\/newgreentec\/","https:\/\/www.linkedin.com\/company\/newgreentec\/"]}]}},"_links":{"self":[{"href":"https:\/\/newgreentec.com\/it\/wp-json\/wp\/v2\/pages\/5825","targetHints":{"allow":["GET"]}}],"collection":[{"href":"https:\/\/newgreentec.com\/it\/wp-json\/wp\/v2\/pages"}],"about":[{"href":"https:\/\/newgreentec.com\/it\/wp-json\/wp\/v2\/types\/page"}],"author":[{"embeddable":true,"href":"https:\/\/newgreentec.com\/it\/wp-json\/wp\/v2\/users\/1"}],"replies":[{"embeddable":true,"href":"https:\/\/newgreentec.com\/it\/wp-json\/wp\/v2\/comments?post=5825"}],"version-history":[{"count":0,"href":"https:\/\/newgreentec.com\/it\/wp-json\/wp\/v2\/pages\/5825\/revisions"}],"wp:attachment":[{"href":"https:\/\/newgreentec.com\/it\/wp-json\/wp\/v2\/media?parent=5825"}],"curies":[{"name":"wp","href":"https:\/\/api.w.org\/{rel}","templated":true}]}}